{"id":2529,"date":"2020-03-25T10:25:00","date_gmt":"2020-03-25T09:25:00","guid":{"rendered":"https:\/\/youenglish.schoolstrona-glowna\/"},"modified":"2024-04-03T10:10:53","modified_gmt":"2024-04-03T08:10:53","slug":"strona-glowna","status":"publish","type":"page","link":"https:\/\/youenglish.school\/en\/","title":{"rendered":"Home"},"content":{"rendered":"\n<div class=\"wp-block-cover alignfull is-light is-position-center-center c-hero\" style=\"min-height:80vh;aspect-ratio:unset;\"><span aria-hidden=\"true\" class=\"wp-block-cover__background has-background-dim-0 has-background-dim\"><\/span><img loading=\"lazy\" decoding=\"async\" width=\"2860\" height=\"1432\" class=\"wp-block-cover__image-background wp-image-3529\" alt=\"\" src=\"https:\/\/youenglish.school\/wp-content\/uploads\/2020\/11\/youenglish.school-strona-glowna.png\" style=\"object-position:50% 50%\" data-object-fit=\"cover\" data-object-position=\"50% 50%\" srcset=\"https:\/\/youenglish.school\/wp-content\/uploads\/2020\/11\/youenglish.school-strona-glowna.png 2860w, https:\/\/youenglish.school\/wp-content\/uploads\/2020\/11\/youenglish.school-strona-glowna-300x150.png 300w, https:\/\/youenglish.school\/wp-content\/uploads\/2020\/11\/youenglish.school-strona-glowna-1024x513.png 1024w, https:\/\/youenglish.school\/wp-content\/uploads\/2020\/11\/youenglish.school-strona-glowna-768x385.png 768w, https:\/\/youenglish.school\/wp-content\/uploads\/2020\/11\/youenglish.school-strona-glowna-1536x769.png 1536w, https:\/\/youenglish.school\/wp-content\/uploads\/2020\/11\/youenglish.school-strona-glowna-2048x1025.png 2048w, https:\/\/youenglish.school\/wp-content\/uploads\/2020\/11\/youenglish.school-strona-glowna-1200x601.png 1200w, https:\/\/youenglish.school\/wp-content\/uploads\/2020\/11\/youenglish.school-strona-glowna-1980x991.png 1980w\" sizes=\"auto, (max-width: 2860px) 100vw, 2860px\" \/><div class=\"wp-block-cover__inner-container is-layout-flow wp-block-cover-is-layout-flow\">\n<div class=\"wp-block-columns alignwide is-layout-flex wp-container-core-columns-is-layout-9d6595d7 wp-block-columns-is-layout-flex\">\n<div class=\"wp-block-column is-layout-flow wp-block-column-is-layout-flow\">\n<h1 class=\"wp-block-heading has-primary-color has-text-color\" id=\"block-cd496d22-d6aa-4d29-ad39-ede273478769\" style=\"font-size:3.6em\">Seriously different.<br>YouEnglish concept school.<\/h1>\n\n\n\n<p class=\"has-primary-color has-text-color has-large-font-size\">No studying forever.<br>No useless grammar, no boring textbooks,<br>just a lively conversation and an intensive language training.<br>Wherever you are, just start speaking.<br><a class=\"rank-math-link\" href=\"https:\/\/youenglish.school\/en\/online-language-courses\/\">Study online<\/a> or come to our school in Wroc\u0142aw.<\/p>\n\n\n\n<div class=\"wp-block-buttons line is-layout-flex wp-block-buttons-is-layout-flex\">\n<div class=\"wp-block-button\"><a class=\"wp-block-button__link has-white-color has-gold-background-color has-text-color has-background no-border-radius wp-element-button\" href=\"https:\/\/youenglish.school\/en\/contact\/\">Book a <strong>free <\/strong>demo lesson<\/a><\/div>\n<\/div>\n<\/div>\n<\/div>\n\n\n\n<p><\/p>\n<\/div><\/div>\n\n\n\n<div class=\"wp-block-cover alignfull has-parallax is-light is-position-center-center\" style=\"min-height:500px;aspect-ratio:unset;\"><span aria-hidden=\"true\" class=\"wp-block-cover__background has-primary-background-color has-background-dim-30 has-background-dim\"><\/span><div role=\"img\" class=\"wp-block-cover__image-background wp-image-3345 has-parallax\" style=\"background-position:50% 50%;background-image:url(https:\/\/youenglish.school\/wp-content\/uploads\/2020\/11\/hero-1.jpg)\"><\/div><div class=\"wp-block-cover__inner-container is-layout-flow wp-block-cover-is-layout-flow\">\n<p class=\"has-text-align-center has-text-color\" style=\"color:#fffffa;font-size:53px;line-height:1.1\"><strong>YouEnglish is all about YOU<\/strong><\/p>\n<\/div><\/div>\n\n\n\n<p class=\"has-text-align-left\">During the first, free meeting (online or face-to-face), we will analyze your needs and work out a personalised action plan for you. Soon, you will start speaking <a class=\"rank-math-link\" href=\"https:\/\/youenglish.school\/en\/english-language-courses\/\"><strong>English<\/strong><\/a>, <a class=\"rank-math-link\" href=\"https:\/\/youenglish.school\/en\/spanish-language-course\/\"><strong>Spanish<\/strong><\/a>, <a class=\"rank-math-link\" href=\"https:\/\/youenglish.school\/en\/french-language-course\/\"><strong>French<\/strong><\/a>, <a class=\"rank-math-link\" href=\"https:\/\/youenglish.school\/en\/russian-language-course\/\"><strong>Russian<\/strong><\/a>, <a class=\"rank-math-link\" href=\"https:\/\/youenglish.school\/en\/italian-language-course\/\"><strong>Italian<\/strong><\/a> or<strong> <a class=\"rank-math-link\" href=\"https:\/\/youenglish.school\/en\/german-language-course\/\">German<\/a><\/strong>. Foreigners are also very welcome to join <a class=\"rank-math-link\" href=\"https:\/\/youenglish.school\/en\/polish-for-foreigners\/\"><strong>our Polish courses held at our school<\/strong><\/a> in Wroc\u0142aw.<\/p>\n\n\n\n<h2 class=\"wp-block-heading has-text-align-left\" style=\"font-size:37px\">Choose what&#8217;s best for you:<\/h2>\n\n\n\n<div class=\"wp-block-group alignwide\"><div class=\"wp-block-group__inner-container is-layout-flow wp-block-group-is-layout-flow\">\n<div class=\"wp-block-columns alignfull is-layout-flex wp-container-core-columns-is-layout-9d6595d7 wp-block-columns-is-layout-flex\">\n<div class=\"wp-block-column box is-layout-flow wp-block-column-is-layout-flow\"><div class=\"wp-block-image\">\n<figure class=\"aligncenter size-large\"><img loading=\"lazy\" decoding=\"async\" width=\"132\" height=\"110\" src=\"https:\/\/youenglish.school\/wp-content\/uploads\/2020\/11\/Individual.png\" alt=\"\" class=\"wp-image-3344\"><\/figure>\n<\/div>\n\n\n<h2 class=\"wp-block-heading has-text-align-center\">Individual classes<\/h2>\n\n\n\n<p class=\"has-text-align-center\">GET UNBLOCKED course,&nbsp;FULL INTENSITY&nbsp;crash&nbsp;course, exam preparation for FCE, CAE, CPE, IELTS, TOEFL, Matura and the 8th grader&#8217;s exam (E8), general classes for children, conversation practice, business English<\/p>\n\n\n\n<div class=\"wp-block-buttons is-horizontal is-content-justification-center is-layout-flex wp-container-core-buttons-is-layout-499968f5 wp-block-buttons-is-layout-flex\">\n<div class=\"wp-block-button is-style-fill\"><a class=\"wp-block-button__link has-white-color has-gold-background-color has-text-color has-background no-border-radius wp-element-button\" href=\"https:\/\/youenglish.school\/en\/individual-english-lessons-in-wroclaw\/\">Find out more<\/a><\/div>\n<\/div>\n<\/div>\n\n\n\n<div class=\"wp-block-column is-vertically-aligned-top box is-layout-flow wp-block-column-is-layout-flow\"><div class=\"wp-block-image\">\n<figure class=\"aligncenter size-full\"><img loading=\"lazy\" decoding=\"async\" width=\"134\" height=\"109\" src=\"https:\/\/youenglish.school\/wp-content\/uploads\/2020\/11\/Group-2.png\" alt=\"Szko\u0142a j\u0119zykowa we Wroc\u0142awiu\" class=\"wp-image-3341\"\/><\/figure>\n<\/div>\n\n\n<h2 class=\"wp-block-heading has-text-align-center\">Classes in pairs<\/h2>\n\n\n\n<p class=\"has-text-align-center\">GET UNBLOCKED course, exam preparation for FCE, CAE, CPE, IELTS, TOEFL, Matura and the 8th grader&#8217;s exam (E8), general classes for kids, conversation practice, business English<\/p>\n\n\n\n<div style=\"height:32px\" aria-hidden=\"true\" class=\"wp-block-spacer\"><\/div>\n\n\n\n<div class=\"wp-block-buttons is-horizontal is-content-justification-center is-layout-flex wp-container-core-buttons-is-layout-499968f5 wp-block-buttons-is-layout-flex\">\n<div class=\"wp-block-button is-style-fill\"><a class=\"wp-block-button__link has-white-color has-gold-background-color has-text-color has-background no-border-radius wp-element-button\" href=\"https:\/\/youenglish.school\/en\/english-language-courses\/\">Find out more<\/a><\/div>\n<\/div>\n<\/div>\n<\/div>\n\n\n\n<div class=\"wp-block-columns alignfull is-layout-flex wp-container-core-columns-is-layout-9d6595d7 wp-block-columns-is-layout-flex\">\n<div class=\"wp-block-column box is-layout-flow wp-block-column-is-layout-flow\"><div class=\"wp-block-image\">\n<figure class=\"aligncenter size-large\"><img loading=\"lazy\" decoding=\"async\" width=\"149\" height=\"109\" src=\"https:\/\/youenglish.school\/wp-content\/uploads\/2020\/11\/Group-3.png\" alt=\"\" class=\"wp-image-3342\"><\/figure>\n<\/div>\n\n\n<h2 class=\"wp-block-heading has-text-align-center\">Groups of 3 or 4 students<\/h2>\n\n\n\n<p class=\"has-text-align-center\">GET UNBLOCKED course, exam preparation for: FCE, CAE, CPE, IELTS, TOEFL, Matura and the 8th grader&#8217;s exam (E8), general classes for kids, conversation practice, business English<\/p>\n\n\n\n<div class=\"wp-block-buttons is-horizontal is-content-justification-center is-layout-flex wp-container-core-buttons-is-layout-499968f5 wp-block-buttons-is-layout-flex\">\n<div class=\"wp-block-button is-style-fill\"><a class=\"wp-block-button__link has-white-color has-gold-background-color has-text-color has-background no-border-radius wp-element-button\" href=\"https:\/\/youenglish.school\/en\/english-language-courses\/\">Find out more<\/a><\/div>\n<\/div>\n<\/div>\n\n\n\n<div class=\"wp-block-column is-vertically-aligned-top box is-layout-flow wp-block-column-is-layout-flow\"><div class=\"wp-block-image\">\n<figure class=\"aligncenter size-full\"><img loading=\"lazy\" decoding=\"async\" width=\"206\" height=\"109\" src=\"https:\/\/youenglish.school\/wp-content\/uploads\/2020\/11\/Group-4.png\" alt=\"Grupowe lekcje j\u0119zyka we Wroc\u0142awiu\" class=\"wp-image-3343\"\/><\/figure>\n<\/div>\n\n\n<h2 class=\"wp-block-heading has-text-align-center\">Groups of 5 or 6 students<\/h2>\n\n\n\n<p class=\"has-text-align-center\">GET UNBLOCKED course, exam preparation for: FCE, CAE, CPE, IELTS, TOEFL, Matura and the 8th grader&#8217;s exam (E8), general classes for kids, conversation practice, business English<\/p>\n\n\n\n<div class=\"wp-block-buttons is-horizontal is-content-justification-center is-layout-flex wp-container-core-buttons-is-layout-499968f5 wp-block-buttons-is-layout-flex\">\n<div class=\"wp-block-button is-style-fill\"><a class=\"wp-block-button__link has-white-color has-gold-background-color has-text-color has-background no-border-radius wp-element-button\" href=\"https:\/\/youenglish.school\/en\/english-language-courses\/\">Find out more<\/a><\/div>\n<\/div>\n<\/div>\n<\/div>\n\n\n\n<div class=\"wp-block-columns alignfull is-layout-flex wp-container-core-columns-is-layout-9d6595d7 wp-block-columns-is-layout-flex\">\n<div class=\"wp-block-column box is-layout-flow wp-block-column-is-layout-flow\"><div class=\"wp-block-image\">\n<figure class=\"aligncenter size-large\"><img loading=\"lazy\" decoding=\"async\" width=\"132\" height=\"110\" src=\"https:\/\/youenglish.school\/wp-content\/uploads\/2020\/11\/Individual.png\" alt=\"\" class=\"wp-image-3344\"><\/figure>\n<\/div>\n\n\n<h2 class=\"wp-block-heading has-text-align-center\">GET UNBLOCKED courses<\/h2>\n\n\n\n<p class=\"has-text-align-center\">Stop worrying and start speaking!<\/p>\n\n\n\n<div class=\"wp-block-buttons is-horizontal is-content-justification-center is-layout-flex wp-container-core-buttons-is-layout-499968f5 wp-block-buttons-is-layout-flex\">\n<div class=\"wp-block-button is-style-fill\"><a class=\"wp-block-button__link has-white-color has-gold-background-color has-text-color has-background no-border-radius wp-element-button\" href=\"https:\/\/youenglish.school\/en\/get-unblocked\/\">Find out more<\/a><\/div>\n<\/div>\n<\/div>\n\n\n\n<div class=\"wp-block-column is-vertically-aligned-top box is-layout-flow wp-block-column-is-layout-flow\"><div class=\"wp-block-image\">\n<figure class=\"aligncenter size-full\"><img loading=\"lazy\" decoding=\"async\" width=\"132\" height=\"110\" src=\"https:\/\/youenglish.school\/wp-content\/uploads\/2020\/11\/Individual.png\" alt=\"Indywidualne lekcje j\u0119zyk\u00f3w we Wroc\u0142awiu\" class=\"wp-image-3344\"\/><\/figure>\n<\/div>\n\n\n<h2 class=\"wp-block-heading has-text-align-center\">English + Public Relations<\/h2>\n\n\n\n<p class=\"has-text-align-center\">Preparation for presentations and public address in English<\/p>\n\n\n\n<div class=\"wp-block-buttons is-horizontal is-content-justification-center is-layout-flex wp-container-core-buttons-is-layout-499968f5 wp-block-buttons-is-layout-flex\">\n<div class=\"wp-block-button is-style-fill\"><a class=\"wp-block-button__link has-white-color has-gold-background-color has-text-color has-background no-border-radius wp-element-button\" href=\"https:\/\/youenglish.school\/en\/business-english\/\">Find out more<\/a><\/div>\n<\/div>\n<\/div>\n<\/div>\n\n\n\n<div class=\"wp-block-columns alignfull is-layout-flex wp-container-core-columns-is-layout-9d6595d7 wp-block-columns-is-layout-flex\">\n<div class=\"wp-block-column is-vertically-aligned-top box is-layout-flow wp-block-column-is-layout-flow\"><div class=\"wp-block-image\">\n<figure class=\"aligncenter size-large\"><img loading=\"lazy\" decoding=\"async\" width=\"132\" height=\"110\" src=\"https:\/\/youenglish.school\/wp-content\/uploads\/2020\/11\/Individual.png\" alt=\"\" class=\"wp-image-3344\"><\/figure>\n<\/div>\n\n\n<h2 class=\"wp-block-heading has-text-align-center\">Full Intensity<\/h2>\n\n\n\n<p class=\"has-text-align-center\">Short, intensive language courses with a clear goal. Minimum 3 classes per day<\/p>\n\n\n\n<div style=\"height:32px\" aria-hidden=\"true\" class=\"wp-block-spacer\"><\/div>\n\n\n\n<div class=\"wp-block-buttons is-horizontal is-content-justification-center is-layout-flex wp-container-core-buttons-is-layout-499968f5 wp-block-buttons-is-layout-flex\">\n<div class=\"wp-block-button is-style-fill\"><a class=\"wp-block-button__link has-white-color has-gold-background-color has-text-color has-background no-border-radius wp-element-button\" href=\"https:\/\/youenglish.school\/en\/full-intensity-english-crash-course-in-wroclaw\/\">Find out more<\/a><\/div>\n<\/div>\n<\/div>\n\n\n\n<div class=\"wp-block-column box is-layout-flow wp-block-column-is-layout-flow\"><div class=\"wp-block-image\">\n<figure class=\"aligncenter size-full\"><img loading=\"lazy\" decoding=\"async\" width=\"132\" height=\"110\" src=\"https:\/\/youenglish.school\/wp-content\/uploads\/2020\/11\/Individual.png\" alt=\"Indywidualne lekcje j\u0119zyk\u00f3w we Wroc\u0142awiu\" class=\"wp-image-3344\"\/><\/figure>\n<\/div>\n\n\n<h2 class=\"wp-block-heading has-text-align-center\">Language trips<\/h2>\n\n\n\n<p class=\"has-text-align-center\">Study in the&nbsp;UK, USA, Canada, Germany, Spain or France &#8211; both during the summer and all year round. Courses for adults, kids and teenagers<\/p>\n\n\n\n<div class=\"wp-block-buttons is-horizontal is-content-justification-center is-layout-flex wp-container-core-buttons-is-layout-499968f5 wp-block-buttons-is-layout-flex\">\n<div class=\"wp-block-button is-style-fill\"><a class=\"wp-block-button__link has-white-color has-gold-background-color has-text-color has-background no-border-radius wp-element-button\" href=\"https:\/\/youenglish.school\/en\/language-trips\/\">Find out more<\/a><\/div>\n<\/div>\n<\/div>\n<\/div>\n<\/div><\/div>\n\n\n\n\n\n<h2 class=\"wp-block-heading has-text-align-left\">Out of concern for our reputation, just in case, we teach effectively.<\/h2>\n\n\n\n<p class=\"has-text-align-left\">YouEnglish is a concept school \u2013 we teach the way we would like to be taught ourselves. We use proven yet unconventional teaching methods and we are good at it. Take a free demo lesson, see how we work and &#8211; simply &#8211; start speaking.<\/p>\n\n\n\n<div style=\"height:40px\" aria-hidden=\"true\" class=\"wp-block-spacer\"><\/div>\n\n\n\n<div class=\"wp-block-columns alignwide is-layout-flex wp-container-core-columns-is-layout-9d6595d7 wp-block-columns-is-layout-flex\">\n<div class=\"wp-block-column box is-layout-flow wp-block-column-is-layout-flow\">\n<h3 class=\"wp-block-heading has-text-align-center\">Who we are<\/h3>\n\n\n\n<p class=\"has-text-align-left\">YouEnglish employs talented professionals with interesting personalities, but most of all &#8211; teachers who are serious and passionate about their job. We carefully select teaching talents to create a place that may just change your concept of school.<\/p>\n<\/div>\n\n\n\n<div class=\"wp-block-column box is-layout-flow wp-block-column-is-layout-flow\">\n<h3 class=\"wp-block-heading has-text-align-center\">What we do differently<\/h3>\n\n\n\n<p class=\"has-text-align-left\">You will not study forever. You will learn exactly what you need. You will be pushed to speak. There will be a clear goal set for you. You will feel motivated to progress by fast results. You will get special, individual treatment.<\/p>\n<\/div>\n<\/div>\n\n\n\n\n","protected":false},"excerpt":{"rendered":"<p>During the first, free meeting (online or face-to-face), we will analyze your needs and work out a personalised action plan for you. Soon, you will start speaking English, Spanish, French, Russian, Italian or German. Foreigners are also very welcome to join our Polish courses held at our school in Wroc\u0142aw. Choose what&#8217;s best for you: [&hellip;]<\/p>\n","protected":false},"author":2,"featured_media":0,"parent":0,"menu_order":3,"comment_status":"closed","ping_status":"closed","template":"","meta":{"_acf_changed":false,"footnotes":""},"class_list":["post-2529","page","type-page","status-publish","hentry"],"acf":[],"_links":{"self":[{"href":"https:\/\/youenglish.school\/en\/wp-json\/wp\/v2\/pages\/2529","targetHints":{"allow":["GET"]}}],"collection":[{"href":"https:\/\/youenglish.school\/en\/wp-json\/wp\/v2\/pages"}],"about":[{"href":"https:\/\/youenglish.school\/en\/wp-json\/wp\/v2\/types\/page"}],"author":[{"embeddable":true,"href":"https:\/\/youenglish.school\/en\/wp-json\/wp\/v2\/users\/2"}],"replies":[{"embeddable":true,"href":"https:\/\/youenglish.school\/en\/wp-json\/wp\/v2\/comments?post=2529"}],"version-history":[{"count":0,"href":"https:\/\/youenglish.school\/en\/wp-json\/wp\/v2\/pages\/2529\/revisions"}],"wp:attachment":[{"href":"https:\/\/youenglish.school\/en\/wp-json\/wp\/v2\/media?parent=2529"}],"curies":[{"name":"wp","href":"https:\/\/api.w.org\/{rel}","templated":true}]}}