{"id":2983,"date":"2019-08-07T17:24:30","date_gmt":"2019-08-07T17:24:30","guid":{"rendered":"https:\/\/youenglish.schoolegzaminy-z-jezyka-polskiego\/"},"modified":"2020-11-08T18:14:45","modified_gmt":"2020-11-08T17:14:45","slug":"polish-language-exams","status":"publish","type":"page","link":"https:\/\/youenglish.school\/en\/polish-language-exams\/","title":{"rendered":"Polish Language Exams"},"content":{"rendered":"\n<h2 class=\"wp-block-heading\">Egzamin z polskiego jako j\u0119zyka obcego<\/h2>\n\n\n\n<p>W naszej szkole przygotujesz si\u0119 do egzamin\u00f3w z j\u0119zyka polskiego dla obcokrajowc\u00f3w. Tylko&nbsp; certyfikat z j\u0119zyka polskiego jako obcego jest dokumentem oficjalnie potwierdzaj\u0105cym&nbsp; znajomo\u015b\u0107 polskiego. <br>Taki dokument jest wymagany dla os\u00f3b staraj\u0105cych si\u0119 o obywatelstwo&nbsp; polskie \/egzamin na poziomie B1\/ , os\u00f3b chc\u0105cych pracowa\u0107 w s\u0142u\u017cbie zdrowia, s\u0142u\u017cbie cywilnej. R\u00f3wnie\u017c wy\u017csze uczelnie wymagaj\u0105 od przysz\u0142ych student\u00f3w znajomo\u015bci polskiego.&nbsp;W  zale\u017cno\u015bci od kierunku studi\u00f3w jest to egzamin na poziomie B1 lub B2. Do takiego egzaminu przygotowujemy r\u00f3wnie\u017c dzieci i m\u0142odzie\u017c.&nbsp;  <\/p>\n\n\n\n<p>Egzamin mo\u017cesz zda\u0107 od poziomu A1 do poziomu C2. <\/p>\n\n\n\n<hr class=\"wp-block-separator\"\/>\n\n\n\n<p>Ile punkt\u00f3w trzeba uzyska\u0107 \u017ceby zda\u0107 egzamin?<br>Warunkiem zdania egzaminu&nbsp;dla doros\u0142ych jest uzyskanie wyniku:<\/p>\n\n\n\n<p>na poziomie&nbsp;A1, A2: co najmniej 50% punkt\u00f3w z cz\u0119\u015bci pisemnej egzaminu i 50% punkt\u00f3w z cz\u0119\u015bci ustnej egzaminu<\/p>\n\n\n\n<p>na poziomie B1: co najmniej 50% punkt\u00f3w z ka\u017cdego modu\u0142u cz\u0119\u015bci pisemnej egzaminu i 50% punkt\u00f3w z cz\u0119\u015bci ustnej egzaminu <\/p>\n\n\n\n<p>na poziomach B2, C1, C2: co najmniej 60% punkt\u00f3w z ka\u017cdego modu\u0142u cz\u0119\u015bci pisemnej egzaminu i 60% punkt\u00f3w z cz\u0119\u015bci ustnej egzaminu.<\/p>\n\n\n\n<p>Egzamin dla dzieci i m\u0142odzie\u017cy&nbsp;jest zaliczany po uzyskaniu na wszystkich poziomach bieg\u0142o\u015bci j\u0119zykowej (A1, A2, B1, B2) co najmniej 50% punkt\u00f3w z cz\u0119\u015bci pisemnej egzaminu i 50% punkt\u00f3w z cz\u0119\u015bci ustnej egzaminu.<\/p>\n\n\n\n<hr class=\"wp-block-separator\"\/>\n","protected":false},"excerpt":{"rendered":"<p>Egzamin z polskiego jako j\u0119zyka obcego W naszej szkole przygotujesz si\u0119 do egzamin\u00f3w z j\u0119zyka polskiego dla obcokrajowc\u00f3w. Tylko&nbsp; certyfikat z j\u0119zyka polskiego jako obcego jest dokumentem oficjalnie potwierdzaj\u0105cym&nbsp; znajomo\u015b\u0107 polskiego. Taki dokument jest wymagany dla os\u00f3b staraj\u0105cych si\u0119 o obywatelstwo&nbsp; polskie \/egzamin na poziomie B1\/ , os\u00f3b chc\u0105cych pracowa\u0107 w s\u0142u\u017cbie zdrowia, s\u0142u\u017cbie cywilnej. [&hellip;]<\/p>\n","protected":false},"author":2,"featured_media":0,"parent":0,"menu_order":177,"comment_status":"closed","ping_status":"closed","template":"","meta":{"_acf_changed":false,"footnotes":""},"class_list":["post-2983","page","type-page","status-publish","hentry"],"acf":[],"_links":{"self":[{"href":"https:\/\/youenglish.school\/en\/wp-json\/wp\/v2\/pages\/2983","targetHints":{"allow":["GET"]}}],"collection":[{"href":"https:\/\/youenglish.school\/en\/wp-json\/wp\/v2\/pages"}],"about":[{"href":"https:\/\/youenglish.school\/en\/wp-json\/wp\/v2\/types\/page"}],"author":[{"embeddable":true,"href":"https:\/\/youenglish.school\/en\/wp-json\/wp\/v2\/users\/2"}],"replies":[{"embeddable":true,"href":"https:\/\/youenglish.school\/en\/wp-json\/wp\/v2\/comments?post=2983"}],"version-history":[{"count":0,"href":"https:\/\/youenglish.school\/en\/wp-json\/wp\/v2\/pages\/2983\/revisions"}],"wp:attachment":[{"href":"https:\/\/youenglish.school\/en\/wp-json\/wp\/v2\/media?parent=2983"}],"curies":[{"name":"wp","href":"https:\/\/api.w.org\/{rel}","templated":true}]}}