{"id":3125,"date":"2019-02-18T09:50:36","date_gmt":"2019-02-18T08:50:36","guid":{"rendered":"https:\/\/youenglish.schoolregulamin-ochrony-i-przetwarzana-danych-osobowych\/"},"modified":"2020-11-09T14:39:47","modified_gmt":"2020-11-09T13:39:47","slug":"regulations-for-the-protection-and-processing-of-personal-data","status":"publish","type":"page","link":"https:\/\/youenglish.school\/en\/regulations-for-the-protection-and-processing-of-personal-data\/","title":{"rendered":"Regulations for the Protection and Processing of Personal Data"},"content":{"rendered":"\n<ol class=\"wp-block-list\"><li>Administratorem danych osobowych jest Youenglish sp. z o.o. z siedzib\u0105 we Wroc\u0142awiu przy ul. Wiwulskiego 26\/4, KRS Nr 0000571711, zwany dalej Administratorem. Administrator prowadzi operacje przetwarzania danych osobowych w zakresie:<ul><li>imienia i nazwiska, nazwy, numer\u00f3w identyfikacyjnych<\/li><li>adresu zamieszkania, miejsca prowadzonej dzia\u0142alno\u015bci<\/li><li>adresu poczty elektronicznej, numer\u00f3w telefon\u00f3w<\/li><\/ul><\/li><li>Inspektorem danych osobowych u Administratora jest Monika Majerska, e-mail: <a href=\"mailto:biuro@youenglish.school\">biuro@youenglish.school<\/a><\/li><li>Dane osobowe przetwarzane b\u0119d\u0105 w celu umo\u017cliwienia kontaktu, przes\u0142ania oferty, wykonania umowy oraz obs\u0142ugi po wykonaniu umowy. Dane nie b\u0119d\u0105 udost\u0119pniane innym podmiotom w celach marketingowych. Dane b\u0119d\u0105 udost\u0119pniane podmiotom wsp\u00f3\u0142pracuj\u0105cymi z administratorem wy\u0142\u0105cznie w celu wykonania umowy oraz wykonania obowi\u0105zk\u00f3w ustawowych (np. lektorzy, biuro rachunkowe);<\/li><li>Osoba wyra\u017ca zgod\u0119 na przetwarzanie danych osobowych korzystaj\u0105c z kontaktu bezpo\u015bredniego, ze \u015brodk\u00f3w bezpo\u015bredniego porozumiewania si\u0119 na odleg\u0142o\u015b\u0107 lub te\u017c zawieraj\u0105c umow\u0119;<\/li><li>Udost\u0119pnienie danych jest niezb\u0119dne do przes\u0142ania oferty, do zawarcia umowy, jej wykonania oraz obs\u0142ugi po jej wykonaniu. W przypadku niepodania danych niemo\u017cliwe jest zawarcie umowy i jej wykonanie.<\/li><li>Osoba, kt\u00f3rej dane s\u0105 przetwarzane prawo do:<ul><li>\u017c\u0105dania od Administratora dost\u0119pu do swoich danych osobowych, ich sprostowania, usuni\u0119cia lub ograniczenia przetwarzania danych osobowych,<\/li><li>wniesienia sprzeciwu wobec takiego przetwarzania, przenoszenia danych, wniesienia skargi do organu nadzorczego,<\/li><li>cofni\u0119cia zgody na przetwarzanie danych osobowych.<\/li><\/ul><\/li><li>Dane osobowe nie podlegaj\u0105 zautomatyzowanemu podejmowaniu decyzji, w tym profilowaniu,<\/li><li>Dane osobowe b\u0119d\u0105 przechowywane przez czas prowadzonej przez Administatora dzia\u0142alno\u015bci gospodarczej <strong><span class=\"has-inline-color has-gold-color\"><s>Lorem ipsum dolor sit amet, consectetur adipiscing elit, sed do eiusmod tempor incididunt ut labore et dolore magna aliqua.<\/s><\/span><\/strong><\/li><\/ol>\n","protected":false},"excerpt":{"rendered":"<p>Administratorem danych osobowych jest Youenglish sp. z o.o. z siedzib\u0105 we Wroc\u0142awiu przy ul. Wiwulskiego 26\/4, KRS Nr 0000571711, zwany dalej Administratorem. Administrator prowadzi operacje przetwarzania danych osobowych w zakresie: imienia i nazwiska, nazwy, numer\u00f3w identyfikacyjnych adresu zamieszkania, miejsca prowadzonej dzia\u0142alno\u015bci adresu poczty elektronicznej, numer\u00f3w telefon\u00f3w Inspektorem danych osobowych u Administratora jest Monika Majerska, e-mail: [&hellip;]<\/p>\n","protected":false},"author":2,"featured_media":0,"parent":0,"menu_order":180,"comment_status":"closed","ping_status":"closed","template":"","meta":{"_acf_changed":false,"footnotes":""},"class_list":["post-3125","page","type-page","status-publish","hentry"],"acf":[],"_links":{"self":[{"href":"https:\/\/youenglish.school\/en\/wp-json\/wp\/v2\/pages\/3125","targetHints":{"allow":["GET"]}}],"collection":[{"href":"https:\/\/youenglish.school\/en\/wp-json\/wp\/v2\/pages"}],"about":[{"href":"https:\/\/youenglish.school\/en\/wp-json\/wp\/v2\/types\/page"}],"author":[{"embeddable":true,"href":"https:\/\/youenglish.school\/en\/wp-json\/wp\/v2\/users\/2"}],"replies":[{"embeddable":true,"href":"https:\/\/youenglish.school\/en\/wp-json\/wp\/v2\/comments?post=3125"}],"version-history":[{"count":0,"href":"https:\/\/youenglish.school\/en\/wp-json\/wp\/v2\/pages\/3125\/revisions"}],"wp:attachment":[{"href":"https:\/\/youenglish.school\/en\/wp-json\/wp\/v2\/media?parent=3125"}],"curies":[{"name":"wp","href":"https:\/\/api.w.org\/{rel}","templated":true}]}}