{"id":7998,"date":"2022-12-03T20:40:43","date_gmt":"2022-12-03T19:40:43","guid":{"rendered":"https:\/\/youenglish.school\/trips-and-language-camps-for-teenagers-and-university-students\/yale-w-poblizu-nowego-jorku\/"},"modified":"2023-01-26T16:10:15","modified_gmt":"2023-01-26T15:10:15","slug":"yale-near-new-york","status":"publish","type":"page","link":"https:\/\/youenglish.school\/en\/trips-and-language-camps-for-teenagers-and-university-students\/yale-near-new-york\/","title":{"rendered":"YALE (NEAR NEW YORK)"},"content":{"rendered":"\n<p><strong>Mi\u0119dzynarodowy letni kurs j\u0119zykowy z zakwaterowaniem na kampusie Uniwersytetu Yale w New Haven. <\/strong><\/p>\n\n\n\n<p><strong>Tylko w Yale<\/strong>:<\/p>\n\n\n\n<ul class=\"wp-block-list\">\n<li>okazja, \u017ceby zobaczy\u0107 Nowy Jork i Boston<\/li>\n\n\n\n<li>zaj\u0119cia i pobyt na terenie jednego z najstarszych i najbardziej szacownych uniwersytet\u00f3w Ivy League.<\/li>\n<\/ul>\n\n\n\n<p><strong>Dla m\u0142odzie\u017cy w wieku: <\/strong>13-17 lat<\/p>\n\n\n\n<p><strong>Cena od: <\/strong><\/p>\n\n\n\n<p><strong>2 tygodnie&nbsp;<\/strong>&#8211; $ 5,020 (z&nbsp;YouEnglish dodatkowy rabat 5%)<\/p>\n\n\n\n<p><strong>3 tygodnie &#8211;&nbsp;<\/strong>$ 7,350 (z&nbsp;YouEnglish dodatkowy rabat 5%)<\/p>\n\n\n\n<p><strong>4 tygodnie &#8211;&nbsp;<\/strong>$ 10,480 (z&nbsp;YouEnglish dodatkowy rabat 5%)<\/p>\n\n\n\n<p><strong>Cena nie zawiera:&nbsp;<\/strong>bilet\u00f3w lotniczyczych, transferu z\/na lotniska, karty ESTA i ubezpieczenia.<\/p>\n\n\n\n<p><strong>Zakwaterowanie: <\/strong><\/p>\n\n\n\n<ul class=\"wp-block-list\">\n<li>nauka i zakwaterowania w akademikach na wyj\u0105tkowym, zabytkowym i bardzo bezpiecznym kampusie Uniwersytetu Yale<\/li>\n\n\n\n<li>ponad 600 ar\u00f3w teren\u00f3w sportowych<\/li>\n\n\n\n<li>Pokoje kilku-osobowe<\/li>\n\n\n\n<li>Wi-Fi<\/li>\n\n\n\n<li>Pralnia samoobs\u0142ugowa<\/li>\n\n\n\n<li>3 posi\u0142ki dziennie&nbsp;<\/li>\n<\/ul>\n\n\n\n<p><strong>Terminy:<\/strong>&nbsp;mo\u017cesz zacz\u0105\u0107 2\/9\/16 lipca, 2023<\/p>\n\n\n\n<p><strong>W programie:&nbsp;<\/strong><\/p>\n\n\n\n<ul class=\"wp-block-list\">\n<li>2, 3, lub 4 tygodnie nauki<\/li>\n\n\n\n<li>warsztaty &#8211; kultura USA<\/li>\n\n\n\n<li>bogaty i ciekawy program zaj\u0119\u0107 popo\u0142udniowych<\/li>\n\n\n\n<li>wycieczki jednodniowe.<\/li>\n<\/ul>\n\n\n\n<p><\/p>\n\n\n\n<p><strong>Nauka j\u0119zyka:<\/strong><\/p>\n\n\n\n<ul class=\"wp-block-list\">\n<li>male grupy&nbsp;&nbsp;&#8211; maksymalnie 10 student\u00f3w<\/li>\n\n\n\n<li>20 lekcji j\u0119zyka w tygodniu<\/li>\n\n\n\n<li>zaj\u0119cia od 9:00 am do 12:30 pm (poniedzia\u0142ek&nbsp;&nbsp;&#8211; pi\u0105tek)<\/li>\n\n\n\n<li>2 sesje warsztat\u00f3w kulturalnych w tygodniu (debaty i dyskusje).<\/li>\n<\/ul>\n\n\n\n<p><strong>Zaj\u0119cia popo\u0142udniowe i w weekendy<\/strong>:<\/p>\n\n\n\n<ul class=\"wp-block-list\">\n<li>Okazja do zwiedzenia muze\u00f3w, teatr\u00f3w, czy park\u00f3w New Haven&nbsp;<\/li>\n\n\n\n<li>sporty<\/li>\n\n\n\n<li>ca\u0142odniowe wycieczki do Bostonu and Nowego Jorku.<\/li>\n<\/ul>\n\n\n\n<div class=\"wp-block-group\"><div class=\"wp-block-group__inner-container is-layout-constrained wp-block-group-is-layout-constrained\">\n<div style=\"height:40px\" aria-hidden=\"true\" class=\"wp-block-spacer\"><\/div>\n\n\n\n<div class=\"wp-block-buttons is-layout-flex wp-block-buttons-is-layout-flex\">\n<div class=\"wp-block-button aligncenter\"><a class=\"wp-block-button__link has-gold-background-color has-background wp-element-button\" href=\"\/en\/contact\/\">Contact us<\/a><\/div>\n<\/div>\n<\/div><\/div>\n","protected":false},"excerpt":{"rendered":"<p>Mi\u0119dzynarodowy letni kurs j\u0119zykowy z zakwaterowaniem na kampusie Uniwersytetu Yale w New Haven. Tylko w Yale: Dla m\u0142odzie\u017cy w wieku: 13-17 lat Cena od: 2 tygodnie&nbsp;&#8211; $ 5,020 (z&nbsp;YouEnglish dodatkowy rabat 5%) 3 tygodnie &#8211;&nbsp;$ 7,350 (z&nbsp;YouEnglish dodatkowy rabat 5%) 4 tygodnie &#8211;&nbsp;$ 10,480 (z&nbsp;YouEnglish dodatkowy rabat 5%) Cena nie zawiera:&nbsp;bilet\u00f3w lotniczyczych, transferu z\/na lotniska, [&hellip;]<\/p>\n","protected":false},"author":3,"featured_media":0,"parent":3100,"menu_order":207,"comment_status":"closed","ping_status":"closed","template":"","meta":{"_acf_changed":false,"footnotes":""},"class_list":["post-7998","page","type-page","status-publish","hentry"],"acf":[],"_links":{"self":[{"href":"https:\/\/youenglish.school\/en\/wp-json\/wp\/v2\/pages\/7998","targetHints":{"allow":["GET"]}}],"collection":[{"href":"https:\/\/youenglish.school\/en\/wp-json\/wp\/v2\/pages"}],"about":[{"href":"https:\/\/youenglish.school\/en\/wp-json\/wp\/v2\/types\/page"}],"author":[{"embeddable":true,"href":"https:\/\/youenglish.school\/en\/wp-json\/wp\/v2\/users\/3"}],"replies":[{"embeddable":true,"href":"https:\/\/youenglish.school\/en\/wp-json\/wp\/v2\/comments?post=7998"}],"version-history":[{"count":0,"href":"https:\/\/youenglish.school\/en\/wp-json\/wp\/v2\/pages\/7998\/revisions"}],"up":[{"embeddable":true,"href":"https:\/\/youenglish.school\/en\/wp-json\/wp\/v2\/pages\/3100"}],"wp:attachment":[{"href":"https:\/\/youenglish.school\/en\/wp-json\/wp\/v2\/media?parent=7998"}],"curies":[{"name":"wp","href":"https:\/\/api.w.org\/{rel}","templated":true}]}}