{"id":8031,"date":"2022-12-03T21:09:32","date_gmt":"2022-12-03T20:09:32","guid":{"rendered":"https:\/\/youenglish.school\/trips-and-language-camps-for-children\/boston\/"},"modified":"2023-01-26T16:16:07","modified_gmt":"2023-01-26T15:16:07","slug":"boston","status":"publish","type":"page","link":"https:\/\/youenglish.school\/en\/trips-and-language-camps-for-children\/boston\/","title":{"rendered":"BOSTON"},"content":{"rendered":"\n<div class=\"wp-block-cover alignfull\" style=\"min-height:30vw;aspect-ratio:unset;\"><span aria-hidden=\"true\" class=\"wp-block-cover__background has-background-dim-0 has-background-dim\"><\/span><img loading=\"lazy\" decoding=\"async\" width=\"1024\" height=\"594\" class=\"wp-block-cover__image-background wp-image-8891\" alt=\"\" src=\"https:\/\/youenglish.school\/wp-content\/uploads\/2023\/01\/youenglish.school-boston-2-1024x594.jpg\" style=\"object-position:47% 38%\" data-object-fit=\"cover\" data-object-position=\"47% 38%\" srcset=\"https:\/\/youenglish.school\/wp-content\/uploads\/2023\/01\/youenglish.school-boston-2-1024x594.jpg 1024w, https:\/\/youenglish.school\/wp-content\/uploads\/2023\/01\/youenglish.school-boston-2-300x174.jpg 300w, https:\/\/youenglish.school\/wp-content\/uploads\/2023\/01\/youenglish.school-boston-2-768x446.jpg 768w, https:\/\/youenglish.school\/wp-content\/uploads\/2023\/01\/youenglish.school-boston-2-1536x891.jpg 1536w, https:\/\/youenglish.school\/wp-content\/uploads\/2023\/01\/youenglish.school-boston-2-2048x1188.jpg 2048w, https:\/\/youenglish.school\/wp-content\/uploads\/2023\/01\/youenglish.school-boston-2-1200x696.jpg 1200w, https:\/\/youenglish.school\/wp-content\/uploads\/2023\/01\/youenglish.school-boston-2-1980x1149.jpg 1980w\" sizes=\"auto, (max-width: 1024px) 100vw, 1024px\" \/><div class=\"wp-block-cover__inner-container is-layout-flow wp-block-cover-is-layout-flow\">\n<p class=\"has-text-align-center has-large-font-size\"><\/p>\n<\/div><\/div>\n\n\n\n<p>Dla m\u0142odzie\u017cy w wieku 11-12 lat<\/p>\n\n\n\n<p>Cena od : $ 1 760 (za 1 tydzie\u0144)<\/p>\n\n\n\n<p>Zakwaterowanie: na kampusie uniwersyteckim<\/p>\n\n\n\n<p>Mo\u017cliwe terminy wyjazdu: mi\u0119dzy 25.06.2023 a 30.07.2023<\/p>\n\n\n\n<div class=\"wp-block-group\"><div class=\"wp-block-group__inner-container is-layout-constrained wp-block-group-is-layout-constrained\">\n<div style=\"height:40px\" aria-hidden=\"true\" class=\"wp-block-spacer\"><\/div>\n\n\n\n<div class=\"wp-block-buttons is-layout-flex wp-block-buttons-is-layout-flex\">\n<div class=\"wp-block-button aligncenter\"><a class=\"wp-block-button__link has-gold-background-color has-background wp-element-button\" href=\"\/en\/contact\/\">Contact us<\/a><\/div>\n<\/div>\n<\/div><\/div>\n","protected":false},"excerpt":{"rendered":"<p>Dla m\u0142odzie\u017cy w wieku 11-12 lat Cena od : $ 1 760 (za 1 tydzie\u0144) Zakwaterowanie: na kampusie uniwersyteckim Mo\u017cliwe terminy wyjazdu: mi\u0119dzy 25.06.2023 a 30.07.2023<\/p>\n","protected":false},"author":3,"featured_media":0,"parent":3105,"menu_order":26,"comment_status":"closed","ping_status":"closed","template":"","meta":{"_acf_changed":false,"footnotes":""},"class_list":["post-8031","page","type-page","status-publish","hentry"],"acf":[],"_links":{"self":[{"href":"https:\/\/youenglish.school\/en\/wp-json\/wp\/v2\/pages\/8031","targetHints":{"allow":["GET"]}}],"collection":[{"href":"https:\/\/youenglish.school\/en\/wp-json\/wp\/v2\/pages"}],"about":[{"href":"https:\/\/youenglish.school\/en\/wp-json\/wp\/v2\/types\/page"}],"author":[{"embeddable":true,"href":"https:\/\/youenglish.school\/en\/wp-json\/wp\/v2\/users\/3"}],"replies":[{"embeddable":true,"href":"https:\/\/youenglish.school\/en\/wp-json\/wp\/v2\/comments?post=8031"}],"version-history":[{"count":0,"href":"https:\/\/youenglish.school\/en\/wp-json\/wp\/v2\/pages\/8031\/revisions"}],"up":[{"embeddable":true,"href":"https:\/\/youenglish.school\/en\/wp-json\/wp\/v2\/pages\/3105"}],"wp:attachment":[{"href":"https:\/\/youenglish.school\/en\/wp-json\/wp\/v2\/media?parent=8031"}],"curies":[{"name":"wp","href":"https:\/\/api.w.org\/{rel}","templated":true}]}}