{"id":4739,"date":"2021-02-24T12:23:53","date_gmt":"2021-02-24T11:23:53","guid":{"rendered":"https:\/\/youenglish.school\/?page_id=4739"},"modified":"2021-04-19T15:06:53","modified_gmt":"2021-04-19T13:06:53","slug":"examens-et-certificats","status":"publish","type":"page","link":"https:\/\/youenglish.school\/fr\/examens-et-certificats\/","title":{"rendered":"Examens et Certificats"},"content":{"rendered":"\n<div class=\"wp-block-image\"><figure class=\"aligncenter size-full is-resized\"><img loading=\"lazy\" decoding=\"async\" src=\"https:\/\/youenglish.school\/wp-content\/uploads\/2021\/03\/youenglish.school-examens-et-certificats-1.png\" alt=\"Examens et certificats\" class=\"wp-image-5379\" width=\"755\" height=\"276\" srcset=\"https:\/\/youenglish.school\/wp-content\/uploads\/2021\/03\/youenglish.school-examens-et-certificats-1.png 6471w, https:\/\/youenglish.school\/wp-content\/uploads\/2021\/03\/youenglish.school-examens-et-certificats-1-300x110.png 300w, https:\/\/youenglish.school\/wp-content\/uploads\/2021\/03\/youenglish.school-examens-et-certificats-1-1024x376.png 1024w, https:\/\/youenglish.school\/wp-content\/uploads\/2021\/03\/youenglish.school-examens-et-certificats-1-768x282.png 768w, https:\/\/youenglish.school\/wp-content\/uploads\/2021\/03\/youenglish.school-examens-et-certificats-1-1536x564.png 1536w\" sizes=\"auto, (max-width: 755px) 100vw, 755px\" \/><\/figure><\/div>\n\n\n\n<p>Certains d&rsquo;entre vous r\u00eavent d&rsquo;\u00e9tudier \u00e0 l&rsquo;etranger. La cl\u00e9 pour partir: obtenir le score requis au test TOEIC, TOEFL ou IELTS. Habituellement, les universit\u00e9s sp\u00e9cifient le score \u00e0 partir duquel tu peux \u00eatre admis.<\/p>\n\n\n\n<p>Les professeurs de YouEnglish ont une grande exp\u00e9rience dans la pr\u00e9paration pour tout type d&rsquo;examens. En effet, depuis des ann\u00e9es, ils pr\u00e9parent tr\u00e8s efficacement nos \u00e9tudiants aux divers tests internationaux et nous sommes extr\u00eamement fiers des r\u00e9sultats impressionnants de nos \u00e9l\u00e8ves.\u00a0Ils savent\u00a0comment te faire progresser afin que tu obtiennes le meilleur score.<\/p>\n\n\n\n<div class=\"wp-block-buttons is-horizontal is-content-justification-center is-layout-flex wp-container-core-buttons-is-layout-499968f5 wp-block-buttons-is-layout-flex\">\n<div class=\"wp-block-button\"><a class=\"wp-block-button__link has-white-color has-gold-background-color has-text-color has-background no-border-radius wp-element-button\" href=\"https:\/\/youenglish.school\/fr\/contact\/\">NAPISZ DO NAS<\/a><\/div>\n<\/div>\n\n\n\n<p>Le\u00a0<strong>TOEIC<\/strong>\u00a0est un examen qui \u00e9value le niveau de compr\u00e9hension orale et \u00e9crite de ton anglais. Comme il teste surtout tes connaissances de l\u2019anglais professionnel, tu dois ma\u00eetriser l\u2019anglais des affaires utilis\u00e9 dans le monde du travail.<\/p>\n\n\n\n<p>Ainsi, le TOEIC est indispensable pour prouver ton bon niveau  d\u2019anglais aupr\u00e8s de ton futur employeur. C\u2019est aussi un passage obligatoire\u00a0pour les candidats souhaitant int\u00e9grer un master en\u00a0\u00e9cole de commerce\u00a0via les admissions parall\u00e8les. Un certificat de TOEIC est \u00e9galement n\u00e9cessaire pour valider le dipl\u00f4me d\u2019ing\u00e9nieur ou dans une grande \u00e9cole de commerce \u2013 dans la plupart des \u00e9tablissements aucun dipl\u00f4me ne peut \u00eatre d\u00e9livr\u00e9 sans avoir valid\u00e9 le niveau minimum de TOEIC.<\/p>\n\n\n\n<p>Il existe 3 versions de cet examen mais la forme la plus courante est le TOEIC Listening &amp; Reading<\/p>\n\n\n\n<ul class=\"wp-block-list\"><li>dur\u00e9e: environ 2 heures, la partie Listening dure environ 45 minutes et la partie Reading environ 75 minutes&nbsp;&nbsp;<\/li><li>d\u00e9lais d\u2019obtention des r\u00e9sultats: entre 10 et 15 jours<\/li><li>syst\u00e8me de notation: le test est \u00e9valu\u00e9 sur 990 points<\/li><li>dur\u00e9e de validit\u00e9: 2 ans<\/li><li>prix: environ 132\u20ac<\/li><\/ul>\n\n\n\n<div class=\"wp-block-buttons is-horizontal is-content-justification-center is-layout-flex wp-container-core-buttons-is-layout-499968f5 wp-block-buttons-is-layout-flex\">\n<div class=\"wp-block-button\"><a class=\"wp-block-button__link has-white-color has-gold-background-color has-text-color has-background no-border-radius wp-element-button\" href=\"https:\/\/youenglish.school\/fr\/contact\/\">NAPISZ DO NAS<\/a><\/div>\n<\/div>\n\n\n\n<p>Certains d\u2019entre vous r\u00eavent d\u2019\u00e9tudier \u00e0 l\u2019\u00e9tranger. La cl\u00e9 pour partir: obtenir le score requis au test <strong>TOEFL ou IELTS<\/strong>. Habituellement, les universit\u00e9s sp\u00e9cifient le score \u00e0 partir duquel on est \u00e9ligible pour \u00eatre admis.<\/p>\n\n\n\n<p>Les certificats les plus connus sont TOEFL et IELTS, tous les deux valables 2 ans.<\/p>\n\n\n\n<p><strong>TOEFL ou IELTS<\/strong>: similitudes et diff\u00e9rences<\/p>\n\n\n\n<p>Les deux tests:<\/p>\n\n\n\n<ul class=\"wp-block-list\"><li>visent \u00e0 mesurer les aptitudes orales et \u00e9crites<\/li><li>v\u00e9rifient le vocabulaire de diff\u00e9rents domaines<\/li><li>\u00e9valuent les capacit\u00e9s de logique, de raisonnement &nbsp;mais aussi la capacit\u00e9 \u00e0 tirer des conclusions<\/li><li>\u00e9valuent la compr\u00e9hension d\u2019un texte ainsi que la capacit\u00e9 \u00e0 d\u00e9crire des informations visuelles, telles que des graphiques, des tableaux ou des diagrammes<\/li><li>sont valables que 2 ans<\/li><li>dans les deux cas les certificats sont fournis<\/li><li>TOEFL est plus connu aux \u00c9tats-Unis tandis qu\u2019 IELTS est plus populaire au Royaume-Uni<\/li><\/ul>\n\n\n\n<p>Examen <strong>TOEFL:<\/strong><\/p>\n\n\n\n<p>Il existe deux versions du&nbsp;<strong>TOEFL<\/strong>:<\/p>\n\n\n\n<p>Le&nbsp;<strong>TOEFL<\/strong>&nbsp;<strong>IBT<\/strong> (Internet Based Test) qui est r\u00e9alis\u00e9 sur&nbsp;<strong>ordinateur<\/strong>&nbsp;et le&nbsp;<strong>TOEFL<\/strong>&nbsp;<strong>ITP<\/strong> (Paper Based), r\u00e9alis\u00e9 sur papier. Ce dernier est tr\u00e8s rarement choisi par les candidats.<\/p>\n\n\n\n<p><strong>TOEFL&nbsp;IBT<\/strong>:<\/p>\n\n\n\n<ul class=\"wp-block-list\"><li>r\u00e9alis\u00e9 sur ordinateur<\/li><li>dur\u00e9e: 4 heures&nbsp;<\/li><li>syst\u00e8me de notation: 120 est le nombre de points maximum<\/li><li>d\u00e9lais d\u2019obtention des r\u00e9sultats: 10 jours.<\/li><li>prix: environ 220\u20ac<\/li><\/ul>\n\n\n\n<div class=\"wp-block-buttons is-horizontal is-content-justification-center is-layout-flex wp-container-core-buttons-is-layout-499968f5 wp-block-buttons-is-layout-flex\">\n<div class=\"wp-block-button\"><a class=\"wp-block-button__link has-white-color has-gold-background-color has-text-color has-background no-border-radius wp-element-button\" href=\"https:\/\/youenglish.school\/fr\/contact\/\">NAPISZ DO NAS<\/a><\/div>\n<\/div>\n\n\n\n<p>Examen <strong>IELTS<\/strong>:<\/p>\n\n\n\n<p>Se compose de 2 parties:&nbsp;<\/p>\n\n\n\n<ul class=\"wp-block-list\"><li>test sur ordinateur \u2013 160 minutes<\/li><li>\u00e9preuve orale \u2013 r\u00e9alis\u00e9e souvent un autre jour que le test sur ordinateur<\/li><li>syst\u00e8me de notation: de 1 \u00e0 9 points pour chaque section<\/li><li>d\u00e9lais d\u2019obtention des r\u00e9sultats: 15 jours<\/li><li>prix: environ 230\u20ac<\/li><\/ul>\n\n\n\n<p><strong>Voici les scores TOEFL demand\u00e9s par les meilleures universit\u00e9s am\u00e9ricaines:<\/strong><\/p>\n\n\n\n<figure class=\"wp-block-table\"><table><tbody><tr><td><strong>Universit\u00e9s concern\u00e9es<\/strong><\/td><td><strong>Score attendu par l\u2019Universit\u00e9<\/strong><\/td><\/tr><tr><td>Harvard University<\/td><td>104<\/td><\/tr><tr><td>Yale University<\/td><td>100<\/td><\/tr><tr><td>Massachusetts Institute of Technology<\/td><td>100<\/td><\/tr><tr><td>Princeton<\/td><td>108<\/td><\/tr><tr><td>New York University<\/td><td>105<\/td><\/tr><tr><td>Columbia University<\/td><td>100<\/td><\/tr><tr><td>Stanford University<\/td><td>100<\/td><\/tr><tr><td><a href=\"https:\/\/theswanschool.edu.pl\/uniwersytety-w-stanach-zjednoczonych\/california-institute-of-technology-2\/\" target=\"_blank\" rel=\"noreferrer noopener nofollow\">California Institute of Technology<\/a>&nbsp;(Caltech)<\/td><td>110<\/td><\/tr><\/tbody><\/table><\/figure>\n\n\n\n<p><strong>Voici les scores IELTS demand\u00e9s par les meilleures universit\u00e9s britanniques:<\/strong><\/p>\n\n\n\n<figure class=\"wp-block-table\"><table><tbody><tr><td><strong>Universit\u00e9s concern\u00e9es<\/strong><\/td><td><strong>Score attendu par l\u2019Universit\u00e9<\/strong><\/td><\/tr><tr><td>Cambridge University<\/td><td>7,0<\/td><\/tr><tr><td>Oxford University<\/td><td>7,0<\/td><\/tr><tr><td><a rel=\"noreferrer noopener nofollow\" href=\"https:\/\/theswanschool.edu.pl\/uniwersytety-w-wielkiej-brytanii\/london-school-of-economics\/\" target=\"_blank\">London School of Economics<\/a><\/td><td>7,0<\/td><\/tr><tr><td>University of Warwick<\/td><td>6,5<\/td><\/tr><tr><td>Imperial College London<\/td><td>6,5-7,0<\/td><\/tr><tr><td><a href=\"https:\/\/theswanschool.edu.pl\/uniwersytety-w-wielkiej-brytanii\/university-college-london\/\" target=\"_blank\" rel=\"noreferrer noopener nofollow\">University College London<\/a><\/td><td>6,5<\/td><\/tr><tr><td>King\u2019s College London<\/td><td>6,5<\/td><\/tr><tr><td>University of Bath<\/td><td>6,5-7,0<\/td><\/tr><tr><td>University of Arts London<\/td><td>6,5-7,0<\/td><\/tr><\/tbody><\/table><\/figure>\n\n\n\n<div class=\"wp-block-buttons is-horizontal is-content-justification-center is-layout-flex wp-container-core-buttons-is-layout-499968f5 wp-block-buttons-is-layout-flex\">\n<div class=\"wp-block-button\"><a class=\"wp-block-button__link has-white-color has-gold-background-color has-text-color has-background no-border-radius wp-element-button\" href=\"https:\/\/youenglish.school\/fr\/contact\/\">NAPISZ DO NAS<\/a><\/div>\n<\/div>\n","protected":false},"excerpt":{"rendered":"<p>Certains d&rsquo;entre vous r\u00eavent d&rsquo;\u00e9tudier \u00e0 l&rsquo;etranger. La cl\u00e9 pour partir: obtenir le score requis au test TOEIC, TOEFL ou IELTS. Habituellement, les universit\u00e9s sp\u00e9cifient le score \u00e0 partir duquel tu peux \u00eatre admis. Les professeurs de YouEnglish ont une grande exp\u00e9rience dans la pr\u00e9paration pour tout type d&rsquo;examens. En effet, depuis des ann\u00e9es, ils [&hellip;]<\/p>\n","protected":false},"author":3,"featured_media":0,"parent":0,"menu_order":73,"comment_status":"closed","ping_status":"closed","template":"","meta":{"_acf_changed":false,"footnotes":""},"class_list":["post-4739","page","type-page","status-publish","hentry"],"acf":[],"_links":{"self":[{"href":"https:\/\/youenglish.school\/fr\/wp-json\/wp\/v2\/pages\/4739","targetHints":{"allow":["GET"]}}],"collection":[{"href":"https:\/\/youenglish.school\/fr\/wp-json\/wp\/v2\/pages"}],"about":[{"href":"https:\/\/youenglish.school\/fr\/wp-json\/wp\/v2\/types\/page"}],"author":[{"embeddable":true,"href":"https:\/\/youenglish.school\/fr\/wp-json\/wp\/v2\/users\/3"}],"replies":[{"embeddable":true,"href":"https:\/\/youenglish.school\/fr\/wp-json\/wp\/v2\/comments?post=4739"}],"version-history":[{"count":0,"href":"https:\/\/youenglish.school\/fr\/wp-json\/wp\/v2\/pages\/4739\/revisions"}],"wp:attachment":[{"href":"https:\/\/youenglish.school\/fr\/wp-json\/wp\/v2\/media?parent=4739"}],"curies":[{"name":"wp","href":"https:\/\/api.w.org\/{rel}","templated":true}]}}