{"id":4741,"date":"2021-02-24T12:24:13","date_gmt":"2021-02-24T11:24:13","guid":{"rendered":"https:\/\/youenglish.school\/?page_id=4741"},"modified":"2021-04-20T15:13:16","modified_gmt":"2021-04-20T13:13:16","slug":"cours-individuels","status":"publish","type":"page","link":"https:\/\/youenglish.school\/fr\/cours-individuels\/","title":{"rendered":"Cours individuels"},"content":{"rendered":"\n<div class=\"wp-block-image\"><figure class=\"aligncenter size-large is-resized\"><img decoding=\"async\" src=\"https:\/\/youenglish.school\/wp-content\/uploads\/2021\/03\/youenglish.school-cours-individuels-1-1024x742.png\" alt=\"Cours individuels\" class=\"wp-image-5385\" width=\"428\" srcset=\"https:\/\/youenglish.school\/wp-content\/uploads\/2021\/03\/youenglish.school-cours-individuels-1-1024x742.png 1024w, https:\/\/youenglish.school\/wp-content\/uploads\/2021\/03\/youenglish.school-cours-individuels-1-300x217.png 300w, https:\/\/youenglish.school\/wp-content\/uploads\/2021\/03\/youenglish.school-cours-individuels-1-768x556.png 768w, https:\/\/youenglish.school\/wp-content\/uploads\/2021\/03\/youenglish.school-cours-individuels-1-1536x1113.png 1536w, https:\/\/youenglish.school\/wp-content\/uploads\/2021\/03\/youenglish.school-cours-individuels-1-2048x1483.png 2048w, https:\/\/youenglish.school\/wp-content\/uploads\/2021\/03\/youenglish.school-cours-individuels-1-1200x869.png 1200w, https:\/\/youenglish.school\/wp-content\/uploads\/2021\/03\/youenglish.school-cours-individuels-1-1980x1434.png 1980w\" sizes=\"(max-width: 1024px) 100vw, 1024px\" \/><\/figure><\/div>\n\n\n\n<p><strong><br>Cours particuliers d&rsquo;anglais disponibles en ligne.<\/strong><\/p>\n\n\n\n<p> \u00c9puis\u00e9 par d&rsquo;autres m\u00e9thodes? Marre des cours qui n&rsquo;apportent aucun r\u00e9sultat? Alors \u00e7a vaut peut-\u00eatre la peine de tester YouEnglish! Choisis notre le\u00e7on de d\u00e9monstration pendant laquelle nous te fournirons des conseils d&rsquo;experts sur la fa\u00e7on d&rsquo;atteindre tes objectifs le plus rapidement possible. Nous t&rsquo;aiderons \u00e0 d\u00e9terminer ce qui doit \u00eatre fait pendant le cours et tu sauras enfin comment apprendre l&rsquo;anglais de mani\u00e8re plus efficace.<\/p>\n\n\n\n<p><strong>Nos cours particuliers se caract\u00e9risent par une approche tr\u00e8s personnalis\u00e9e <\/strong><\/p>\n\n\n\n<p>Tu auras une grande flexibilit\u00e9 dans la planification, l&rsquo;annulation ou le report des cours ce qui est primordial pour la plupart de nos \u00e9tudiants tr\u00e8s occup\u00e9s. Nos plages horaires sont tr\u00e8s larges, tu peux avoir un cours&nbsp;\u00e0&nbsp;6 heures du matin&nbsp;ou&nbsp;\u00e0&nbsp;23h&nbsp;et nous sommes bien \u00e9videmment disponibles \u00e9galement le weekend. <br><br>Nous allons t&rsquo;aider \u00e0 te&nbsp;d\u00e9bloquer&nbsp;et \u00e0 g\u00e9rer ton stress afin que tu sois enfin pr\u00eat pour les prises de parole en public.<\/p>\n\n\n\n<div class=\"wp-block-buttons is-horizontal is-content-justification-center is-layout-flex wp-container-core-buttons-is-layout-499968f5 wp-block-buttons-is-layout-flex\">\n<div class=\"wp-block-button\"><a class=\"wp-block-button__link has-white-color has-gold-background-color has-text-color has-background no-border-radius wp-element-button\" href=\"https:\/\/youenglish.school\/fr\/contact\/\">NAPISZ DO NAS<\/a><\/div>\n<\/div>\n\n\n\n<p><strong>Prise de parole en public <\/strong><\/p>\n\n\n\n<p>Peur de parler en anglais devant un public plus large? Pas de panique! Parmi nos professeurs nous avons aussi des sp\u00e9cialistes en relations publiques, des avocats, des musiciens et m\u00eame un ing\u00e9nieur. Nous te donnerons les conseils sur la gestion de stress et nous travaillerons minutieusement chaque phrase. Tu seras parfaitement pr\u00e9par\u00e9 pour entrer sur sc\u00e8ne. Tous les secteurs sont les bienvenus!<\/p>\n\n\n\n<p><strong>UNBLOCK YOURSELF<\/strong> <\/p>\n\n\n\n<p>Nous travaillons souvent avec des personnes qui se sentent totalement bloqu\u00e9es en anglais. Parfois, c&rsquo;est la cons\u00e9quence de cours traumatisants \u00e0 l&rsquo;\u00e9cole, d&rsquo;un perfectionnisme excessif ou de probl\u00e8mes de confiance en soi.<\/p>\n\n\n\n<p>Afin de mieux r\u00e9pondre \u00e0 ce probl\u00e8me, nous avons d\u00e9velopp\u00e9 notre propre concept phare, le cours <strong>UNBLOCK YOURSELF<\/strong>. Notre r\u00e9ussite est la meilleure invitation pour que tu testes YouEnglish. Pendant nos cours d&rsquo;anglais personnalis\u00e9s, nous ferons de notre mieux pour que tu te sentes \u00e0 l&rsquo;aise et en s\u00e9curit\u00e9. Tu vas commencer \u00e0 parler anglais plus vite que tu ne le penses.<\/p>\n\n\n\n<p><strong><strong><strong>Conversations personnalis\u00e9es d\u2019anglais&nbsp;<\/strong>avec des lecteurs natifs<\/strong><\/strong><\/p>\n\n\n\n<p>Christa, Lauren, Andrew, Patrick, John, Sarah, seront heureux de t&rsquo;aider \u00e0 exprimer tes pens\u00e9es, sentiments, impressions et opinions.<\/p>\n\n\n\n<p>Nous savons parfaitement bien comment le faire efficacement. N&rsquo;aies pas peur que les cours soient ennuyeux et que nous ne te laissions pas t&rsquo;exprimer. Choisis nos cours personnalis\u00e9s, rencontre des personnes int\u00e9ressantes et discute de toutes les probl\u00e9matiques importantes pour toi. Chaque cours te permettra d&rsquo;apprendre un nouveau vocabulaire et de nouvelles expressions, n\u00e9cessaires pour que tu t&rsquo;exprimes avec justesse et finesse. Le cours de d\u00e9monstration sera le moment d&rsquo;\u00e9change afin que tu puisses nous expliquer les sujets que tu voudrais travailler en profondeur. Nous pr\u00e9parerons par la suite un programme personnalis\u00e9 qui tiendra compte de tes besoins et tes pr\u00e9f\u00e9rences.&nbsp;<\/p>\n\n\n\n<p>Le concept de travail YouEnglish implique l&rsquo;apprentissage avec plusieurs enseignants diff\u00e9rents. C&rsquo;est tout \u00e0 fait volontaire et conseill\u00e9 surtout quand on a un niveau de langue assez avanc\u00e9. Le but est de s&rsquo;habituer aux divers accents, d&rsquo;\u00e9changer avec diff\u00e9rentes personnes et d&rsquo;\u00eatre en mesure de bien comprendre ce qu&rsquo;elles disent. Avec des lecteurs natifs, tu pratiques non seulement la conversation, mais aussi la compr\u00e9hension. Leur richesse culturelle et linguistique te permettra de d\u00e9couvrir l&rsquo;anglais diff\u00e9remment. Bienvenue chez YouEnglish!<\/p>\n\n\n\n<div class=\"wp-block-buttons is-horizontal is-content-justification-center is-layout-flex wp-container-core-buttons-is-layout-499968f5 wp-block-buttons-is-layout-flex\">\n<div class=\"wp-block-button\"><a class=\"wp-block-button__link has-white-color has-gold-background-color has-text-color has-background no-border-radius wp-element-button\" href=\"https:\/\/youenglish.school\/fr\/contact\/\">NAPISZ DO NAS<\/a><\/div>\n<\/div>\n","protected":false},"excerpt":{"rendered":"<p>Cours particuliers d&rsquo;anglais disponibles en ligne. \u00c9puis\u00e9 par d&rsquo;autres m\u00e9thodes? Marre des cours qui n&rsquo;apportent aucun r\u00e9sultat? Alors \u00e7a vaut peut-\u00eatre la peine de tester YouEnglish! Choisis notre le\u00e7on de d\u00e9monstration pendant laquelle nous te fournirons des conseils d&rsquo;experts sur la fa\u00e7on d&rsquo;atteindre tes objectifs le plus rapidement possible. Nous t&rsquo;aiderons \u00e0 d\u00e9terminer ce qui [&hellip;]<\/p>\n","protected":false},"author":3,"featured_media":0,"parent":0,"menu_order":50,"comment_status":"closed","ping_status":"closed","template":"","meta":{"_acf_changed":false,"footnotes":""},"class_list":["post-4741","page","type-page","status-publish","hentry"],"acf":[],"_links":{"self":[{"href":"https:\/\/youenglish.school\/fr\/wp-json\/wp\/v2\/pages\/4741","targetHints":{"allow":["GET"]}}],"collection":[{"href":"https:\/\/youenglish.school\/fr\/wp-json\/wp\/v2\/pages"}],"about":[{"href":"https:\/\/youenglish.school\/fr\/wp-json\/wp\/v2\/types\/page"}],"author":[{"embeddable":true,"href":"https:\/\/youenglish.school\/fr\/wp-json\/wp\/v2\/users\/3"}],"replies":[{"embeddable":true,"href":"https:\/\/youenglish.school\/fr\/wp-json\/wp\/v2\/comments?post=4741"}],"version-history":[{"count":0,"href":"https:\/\/youenglish.school\/fr\/wp-json\/wp\/v2\/pages\/4741\/revisions"}],"wp:attachment":[{"href":"https:\/\/youenglish.school\/fr\/wp-json\/wp\/v2\/media?parent=4741"}],"curies":[{"name":"wp","href":"https:\/\/api.w.org\/{rel}","templated":true}]}}