{"id":4743,"date":"2021-02-24T12:24:55","date_gmt":"2021-02-24T11:24:55","guid":{"rendered":"https:\/\/youenglish.school\/?page_id=4743"},"modified":"2021-04-19T15:12:11","modified_gmt":"2021-04-19T13:12:11","slug":"anglais-intermediaire","status":"publish","type":"page","link":"https:\/\/youenglish.school\/fr\/anglais-intermediaire\/","title":{"rendered":"Anglais interm\u00e9diaire"},"content":{"rendered":"\n<div class=\"wp-block-image\"><figure class=\"aligncenter size-full is-resized\"><img decoding=\"async\" src=\"https:\/\/youenglish.school\/wp-content\/uploads\/2021\/03\/youenglish.school-anglais-intermediaire.png\" alt=\"Anglais interm\u00e9diaire\" class=\"wp-image-5407\" width=\"590\" srcset=\"https:\/\/youenglish.school\/wp-content\/uploads\/2021\/03\/youenglish.school-anglais-intermediaire.png 3966w, https:\/\/youenglish.school\/wp-content\/uploads\/2021\/03\/youenglish.school-anglais-intermediaire-300x156.png 300w, https:\/\/youenglish.school\/wp-content\/uploads\/2021\/03\/youenglish.school-anglais-intermediaire-1024x532.png 1024w, https:\/\/youenglish.school\/wp-content\/uploads\/2021\/03\/youenglish.school-anglais-intermediaire-768x399.png 768w, https:\/\/youenglish.school\/wp-content\/uploads\/2021\/03\/youenglish.school-anglais-intermediaire-1536x798.png 1536w, https:\/\/youenglish.school\/wp-content\/uploads\/2021\/03\/youenglish.school-anglais-intermediaire-2048x1064.png 2048w, https:\/\/youenglish.school\/wp-content\/uploads\/2021\/03\/youenglish.school-anglais-intermediaire-1200x624.png 1200w, https:\/\/youenglish.school\/wp-content\/uploads\/2021\/03\/youenglish.school-anglais-intermediaire-1980x1029.png 1980w\" sizes=\"(max-width: 3966px) 100vw, 3966px\" \/><\/figure><\/div>\n\n\n\n<p><strong>N&rsquo;aies pas peur et parles enfin anglais!<\/strong><\/p>\n\n\n\n<p>La plupart d&rsquo;entre nous a d\u00e9j\u00e0 \u00e9tudi\u00e9 l&rsquo;anglais \u00e0 un moment donn\u00e9 &#8211; \u00e0 l&rsquo;\u00e9cole, \u00e0 l&rsquo;universit\u00e9, en cours individuels. Nous avons pass\u00e9 de longues heures en apprenant par c\u0153ur les verbes irr\u00e9guliers, en faisant des exercices de grammaire&#8230; Cependant, quand il fallait se lancer et v\u00e9ritablement parler l&rsquo;anglais, c&rsquo;\u00e9tait souvent la panique totale&#8230;<\/p>\n\n\n\n<p>Le paradoxe est que souvent tu en sais bien plus que tu ne le penses! Souviens-toi d&rsquo;une sortie ou d&rsquo;un d\u00eener d&rsquo;entreprise lorsque, comme par magie, tu commen\u00e7ais soudain \u00e0 parler anglais? Ou peut-\u00eatre ce jour quand tu \u00e9tais perdu, tu ne savais pas o\u00f9 se trouvait la gare d&rsquo;o\u00f9 partait ton train et, en plus, ton portable ne captait pas? Ou peut-\u00eatre quand quelqu&rsquo;un a essay\u00e9 de te faire croire que le prix de la chambre \u00e9tait 2 fois plus cher que le tarif annonc\u00e9 dans l&rsquo;e-mail du propri\u00e9taire de l&rsquo;h\u00f4tel? Tu t&rsquo;es pourtant toujours bien d\u00e9brouill\u00e9 &#8211; d&rsquo;une mani\u00e8re ou d&rsquo;une autre, n&rsquo;est-ce pas? Et puis, \u00e0 nouveau, tu restais muet.<\/p>\n\n\n\n<div class=\"wp-block-buttons is-horizontal is-content-justification-center is-layout-flex wp-container-core-buttons-is-layout-499968f5 wp-block-buttons-is-layout-flex\">\n<div class=\"wp-block-button\"><a class=\"wp-block-button__link has-white-color has-gold-background-color has-text-color has-background no-border-radius wp-element-button\" href=\"https:\/\/youenglish.school\/fr\/contact\/\">NAPISZ DO NAS<\/a><\/div>\n<\/div>\n\n\n\n<p>Parmi nos \u00e9tudiants, le groupe le plus important est celui de niveau interm\u00e9diaire, de loin. Tu en fais probablement partie et pour une raison ou une autre, tu dois ou tu veux reprendre l&rsquo;apprentissage de l&rsquo;anglais. Si c&rsquo;est ton cas, \u00e7a tombe bien. Nous savons comment activer ce que tu as d\u00e9j\u00e0 en t\u00eate en y ajoutant rapidement de nouvelles choses. Nous t&rsquo;attendons, bienvenus chez YouEnglish!<\/p>\n\n\n\n<p><strong>Voici les besoins les plus courants des \u00e9tudiants:<\/strong><\/p>\n\n\n\n<ul class=\"wp-block-list\"><li>Je me sens bloqu\u00e9 apr\u00e8s ne pas avoir utilis\u00e9 l&rsquo;anglais pendant longtemps. Depuis quelques ann\u00e9es, je n&rsquo;ai pas eu l&rsquo;occasion de parler, et maintenant j&rsquo;ai parfois du mal \u00e0 trouver les mots et les phrases les plus simples.&nbsp;<\/li><\/ul>\n\n\n\n<p>Aucun probl\u00e8me. Pour activer tes connaissances d\u00e9j\u00e0 acquises, il faut tout simplement commencer \u00e0 les mettre en pratique. Dans ce cas, nous proposons g\u00e9n\u00e9ralement des cours de conversation avec des lecteurs natifs, de pr\u00e9f\u00e9rence sur des sujets les plus \u00e9troitement li\u00e9s \u00e0 la vie de tous les jours, au travail et \u00e0 tes centres d&rsquo;int\u00e9r\u00eats. En plus de rappeler et d&rsquo;activer d&rsquo;anciennes comp\u00e9tences, cela vaut la peine de d\u00e9velopper et d&rsquo;apprendre quelque chose de nouveau. Quoi? Il existe de nombreuses options: grammaire, phrases, vocabulaire technique ou prise de parole en public. Ensemble, nous d\u00e9terminerons ce qui sera le plus utile et pr\u00e9parerons un plan de travail.<\/p>\n\n\n\n<ul class=\"wp-block-list\"><li>Je parle, mais j&rsquo;ai l&rsquo;impression que je stagne.<\/li><\/ul>\n\n\n\n<p>Dans cette situation, nous proposons une formation linguistique intensive pour atteindre le niveau \u00abAnglais C2\u00bb. Que dirais-tu d&rsquo;un examen de niveau avanc\u00e9, par exemple IELTS ou Proficiency? Le vocabulaire, les phrases, les expressions idiomatiques ou la grammaire peuvent \u00eatre travaill\u00e9s \u00e0 l&rsquo;infini, alors dis-nous juste ce qui t&rsquo;int\u00e9resse le plus et nous cr\u00e9erons un programme d&rsquo;apprentissage bas\u00e9 sur tes besoins.<\/p>\n\n\n\n<ul class=\"wp-block-list\"><li>Je comprends et je parle, mais je suis rong\u00e9 par le stress lors de la prise de parole en public.<\/li><\/ul>\n\n\n\n<p>Pas de panique, nous te proposerons un petit cours individuel, au cours duquel nous pratiquerons ensemble des \u00abperformances\u00bb sur sc\u00e8ne. Les cours\u00a0ressembleront plus \u00e0 des\u00a0r\u00e9p\u00e9titions avant un spectacle qu&rsquo;\u00e0 un apprentissage classique. Nous pratiquerons les phrases toutes faites, la prononciation et l&rsquo;intonation, mais aussi les expressions faciales. Cet investissement vaut la peine car une pr\u00e9paration parfaite r\u00e9duit consid\u00e9rablement le niveau de stress.<\/p>\n\n\n\n<ul class=\"wp-block-list\"><li>La grammaire anglaise m&rsquo;ennuie.<\/li><\/ul>\n\n\n\n<p>Nous avons le rem\u00e8de. Tu ne sauras m\u00eame pas que tu apprends. Bien que nous soyons un groupe d&rsquo;enseignants assez fous (mais tr\u00e8s dynamiques et efficaces!), nous sommes fid\u00e8les \u00e0 quelques r\u00e8gles:<\/p>\n\n\n\n<ul class=\"wp-block-list\"><li>une bonne le\u00e7on est seulement celle o\u00f9 l&rsquo;\u00e9tudiant parle plus que l&rsquo;enseignant, donc tu vas parler, que tu le veuilles ou non,<\/li><li>nous ne voulons pas te faire perdre ton temps donc nous enseignons seulement ce dont tu as vraiment besoin,<\/li><li>nos le\u00e7ons ne sont jamais ennuyeuses car nous n&rsquo;aimons pas nous ennuyer au travail.<\/li><\/ul>\n\n\n\n<p>La pand\u00e9mie a clairement confirm\u00e9 les pouvoirs infinis d&rsquo;Internet &#8211; en particulier pour apprendre les langues \u00e9trang\u00e8res. M\u00eame les professeurs de langues les plus r\u00e9ticents d&rsquo;entre nous admettent maintenant qu&rsquo;il s&rsquo;agit d&rsquo;un outil fantastique: on peut apprendre l&rsquo;anglais en pantoufles, \u00e0 l&rsquo;aube ou au milieu de la nuit, en solo ou en groupe, c&rsquo;est toi qui d\u00e9cides! Une grande flexibilit\u00e9 et un gain de temps ind\u00e9niable ont d\u00e9j\u00e0 convaincu les plus grands ennemis de l&rsquo;apprentissage en ligne. Si tu n&rsquo;es pas convaincu, essaies &#8211; le cours de d\u00e9monstration ne co\u00fbte rien.<\/p>\n\n\n\n<div class=\"wp-block-buttons is-horizontal is-content-justification-center is-layout-flex wp-container-core-buttons-is-layout-499968f5 wp-block-buttons-is-layout-flex\">\n<div class=\"wp-block-button\"><a class=\"wp-block-button__link has-white-color has-gold-background-color has-text-color has-background no-border-radius wp-element-button\" href=\"https:\/\/youenglish.school\/fr\/contact\/\">NAPISZ DO NAS<\/a><\/div>\n<\/div>\n","protected":false},"excerpt":{"rendered":"<p>N&rsquo;aies pas peur et parles enfin anglais! La plupart d&rsquo;entre nous a d\u00e9j\u00e0 \u00e9tudi\u00e9 l&rsquo;anglais \u00e0 un moment donn\u00e9 &#8211; \u00e0 l&rsquo;\u00e9cole, \u00e0 l&rsquo;universit\u00e9, en cours individuels. Nous avons pass\u00e9 de longues heures en apprenant par c\u0153ur les verbes irr\u00e9guliers, en faisant des exercices de grammaire&#8230; Cependant, quand il fallait se lancer et v\u00e9ritablement parler [&hellip;]<\/p>\n","protected":false},"author":3,"featured_media":0,"parent":0,"menu_order":16,"comment_status":"closed","ping_status":"closed","template":"","meta":{"_acf_changed":false,"footnotes":""},"class_list":["post-4743","page","type-page","status-publish","hentry"],"acf":[],"_links":{"self":[{"href":"https:\/\/youenglish.school\/fr\/wp-json\/wp\/v2\/pages\/4743","targetHints":{"allow":["GET"]}}],"collection":[{"href":"https:\/\/youenglish.school\/fr\/wp-json\/wp\/v2\/pages"}],"about":[{"href":"https:\/\/youenglish.school\/fr\/wp-json\/wp\/v2\/types\/page"}],"author":[{"embeddable":true,"href":"https:\/\/youenglish.school\/fr\/wp-json\/wp\/v2\/users\/3"}],"replies":[{"embeddable":true,"href":"https:\/\/youenglish.school\/fr\/wp-json\/wp\/v2\/comments?post=4743"}],"version-history":[{"count":0,"href":"https:\/\/youenglish.school\/fr\/wp-json\/wp\/v2\/pages\/4743\/revisions"}],"wp:attachment":[{"href":"https:\/\/youenglish.school\/fr\/wp-json\/wp\/v2\/media?parent=4743"}],"curies":[{"name":"wp","href":"https:\/\/api.w.org\/{rel}","templated":true}]}}