{"id":4747,"date":"2021-02-24T12:26:17","date_gmt":"2021-02-24T11:26:17","guid":{"rendered":"https:\/\/youenglish.school\/?page_id=4747"},"modified":"2021-03-25T14:29:54","modified_gmt":"2021-03-25T13:29:54","slug":"anglais-pour-les-enfants-et-adolescents","status":"publish","type":"page","link":"https:\/\/youenglish.school\/fr\/anglais-pour-les-enfants-et-adolescents\/","title":{"rendered":"Anglais pour les enfants et adolescents"},"content":{"rendered":"\n<div class=\"wp-block-image\"><figure class=\"aligncenter size-large is-resized\"><img decoding=\"async\" src=\"https:\/\/youenglish.school\/wp-content\/uploads\/2021\/03\/youenglish.school-enfants-et-adolescents-1-1024x557.png\" alt=\"\" class=\"wp-image-5400\" width=\"590\" srcset=\"https:\/\/youenglish.school\/wp-content\/uploads\/2021\/03\/youenglish.school-enfants-et-adolescents-1-1024x557.png 1024w, https:\/\/youenglish.school\/wp-content\/uploads\/2021\/03\/youenglish.school-enfants-et-adolescents-1-300x163.png 300w, https:\/\/youenglish.school\/wp-content\/uploads\/2021\/03\/youenglish.school-enfants-et-adolescents-1-768x418.png 768w, https:\/\/youenglish.school\/wp-content\/uploads\/2021\/03\/youenglish.school-enfants-et-adolescents-1-1536x836.png 1536w, https:\/\/youenglish.school\/wp-content\/uploads\/2021\/03\/youenglish.school-enfants-et-adolescents-1-2048x1115.png 2048w, https:\/\/youenglish.school\/wp-content\/uploads\/2021\/03\/youenglish.school-enfants-et-adolescents-1-1200x653.png 1200w, https:\/\/youenglish.school\/wp-content\/uploads\/2021\/03\/youenglish.school-enfants-et-adolescents-1-1980x1078.png 1980w\" sizes=\"(max-width: 1024px) 100vw, 1024px\" \/><\/figure><\/div>\n\n\n\n<p><strong>Pourquoi les enfants progressent chez YouEnglish<\/strong>&nbsp;<strong>\u2013 qu\u2019est-ce qui nous diff\u00e9rencie vraiment?<\/strong><\/p>\n\n\n\n<p>Tout d\u2019abord, nous voulons montrer que parler une langue \u00e9trang\u00e8re est un immense plaisir. Nos enseignants sont des gens ouverts d\u2019esprit, chaleureux et tr\u00e8s cr\u00e9atifs. Ils ont h\u00e2te de faire parler vos enfants tout en s\u2019amusant. Ils savent que c\u2019est justement en jouant que le stress dispara\u00eet et que la langue \u00abvient\u00bb tout naturellement. En cours d\u2019anglais, nos professeurs familiarisent les jeunes avec la langue, les poussent \u00e0 communiquer et se battent pour consolider le mat\u00e9riel appris \u00e0 l\u2019\u00e9cole. Les lecteurs YouEnglish viennent de nombreux pays anglophones ce qui permet aux enfants et adolescents de s\u2019habituer \u00e0 diff\u00e9rents accents. C\u2019est un excellent atout et parfait entra\u00eenement avant la vie adulte.<\/p>\n\n\n\n<p>Chez YouEnglish, nous gardons un \u0153il sur l\u2019enseignement acquis \u00e0 l\u2019\u00e9cole expliquons la grammaire et \u00e9largissons leur vocabulaire,&nbsp;mais en plus nous mettons un accent&nbsp;sur la justesse grammaticale, la prononciation et l\u2019intonation, car ce que les enfants apprendront pendant leur jeunesse cela restera avec eux pour toujours.<br><br>Nous proposons des cours d\u2019anglais pour les enfants \u00e0 partir de 7 ans. Nous enseignons individuellement ou en petits groupes afin que chaque \u00e9l\u00e8ve puisse s\u2019exercer \u00e0 parler.<\/p>\n\n\n\n<div class=\"wp-block-buttons is-horizontal is-content-justification-center is-layout-flex wp-container-core-buttons-is-layout-499968f5 wp-block-buttons-is-layout-flex\">\n<div class=\"wp-block-button\"><a class=\"wp-block-button__link has-white-color has-gold-background-color has-text-color has-background no-border-radius wp-element-button\" href=\"https:\/\/youenglish.school\/fr\/contact\/\">NAPISZ DO NAS<\/a><\/div>\n<\/div>\n\n\n\n<p>Les parents se plaignent souvent que les enfants et les adolescents apprennent l&rsquo;anglais mais ne parlent pas. Il n&rsquo;est pas difficile de comprendre pourquoi &#8211; les classes sont g\u00e9n\u00e9ralement nombreuses et souvent, malgr\u00e9 les meilleures intentions des enseignants, il n&rsquo;y a tout simplement pas de temps pour parler \u00e0 l&rsquo;\u00e9cole. Pour de nombreux \u00e9tudiants, ce ne sont pas des tests qui constituent un probl\u00e8me, la vraie difficult\u00e9 est l&rsquo;utilisation ACTIVE de la langue parl\u00e9e. Souvent excellents dans les tests et tr\u00e8s performants dans les jeux informatiques en anglais, les jeunes sont toutefois nettement moins \u00ab\u00a0d\u00e9brouillards\u00a0\u00bb face \u00e0 la conversation ou \u00e0 un quelconque autre d\u00e9fi de la vie quotidienne en anglais.<\/p>\n\n\n\n<p>Chez YouEnglish, nous essayons de combler ces lacunes. Tout d&rsquo;abord, nous voulons montrer que parler une langue \u00e9trang\u00e8re est un immense plaisir. Nos enseignants sont des gens ouverts d&rsquo;esprit, chaleureux et tr\u00e8s cr\u00e9atifs. Ils ont h\u00e2te de faire parler vos enfants tout en s&rsquo;amusant. Ils savent que c&rsquo;est justement en jouant que le stress dispara\u00eet et que la langue \u00abvient\u00bb tout naturellement. En cours d&rsquo;anglais, nos professeurs familiarisent les jeunes avec la langue, les poussent \u00e0 communiquer et se battent pour consolider le mat\u00e9riel appris \u00e0 l&rsquo;\u00e9cole. Les lecteurs YouEnglish viennent de nombreux pays anglophones ce qui permet aux enfants et adolescents de s&rsquo;habituer \u00e0 diff\u00e9rents accents. C&rsquo;est un excellent atout et parfait entra\u00eenement avant la vie adulte.<\/p>\n\n\n\n<div class=\"wp-block-buttons is-horizontal is-content-justification-center is-layout-flex wp-container-core-buttons-is-layout-499968f5 wp-block-buttons-is-layout-flex\">\n<div class=\"wp-block-button\"><a class=\"wp-block-button__link has-white-color has-gold-background-color has-text-color has-background no-border-radius wp-element-button\" href=\"https:\/\/youenglish.school\/fr\/contact\/\">NAPISZ DO NAS<\/a><\/div>\n<\/div>\n\n\n\n<p>Depuis des ann\u00e9es les professeurs de YouEnglish pr\u00e9parent tr\u00e8s efficacement nos \u00e9tudiants aux divers tests internationaux et nous sommes extr\u00eamement fiers des r\u00e9sultats impressionnants de nos \u00e9l\u00e8ves.&nbsp;Ils ont une grande exp\u00e9rience dans la pr\u00e9paration de tout type d\u2019examens, ils accompagnent les enfants afin qu\u2019ils obtiennent de meilleurs r\u00e9sultats.&nbsp;<br>Examens les plus connus: TOEIC, TOEFL, IELTS, FCE, CAE.<\/p>\n","protected":false},"excerpt":{"rendered":"<p>Pourquoi les enfants progressent chez YouEnglish&nbsp;\u2013 qu\u2019est-ce qui nous diff\u00e9rencie vraiment? Tout d\u2019abord, nous voulons montrer que parler une langue \u00e9trang\u00e8re est un immense plaisir. Nos enseignants sont des gens ouverts d\u2019esprit, chaleureux et tr\u00e8s cr\u00e9atifs. Ils ont h\u00e2te de faire parler vos enfants tout en s\u2019amusant. Ils savent que c\u2019est justement en jouant que [&hellip;]<\/p>\n","protected":false},"author":3,"featured_media":0,"parent":0,"menu_order":18,"comment_status":"closed","ping_status":"closed","template":"","meta":{"_acf_changed":false,"footnotes":""},"class_list":["post-4747","page","type-page","status-publish","hentry"],"acf":[],"_links":{"self":[{"href":"https:\/\/youenglish.school\/fr\/wp-json\/wp\/v2\/pages\/4747","targetHints":{"allow":["GET"]}}],"collection":[{"href":"https:\/\/youenglish.school\/fr\/wp-json\/wp\/v2\/pages"}],"about":[{"href":"https:\/\/youenglish.school\/fr\/wp-json\/wp\/v2\/types\/page"}],"author":[{"embeddable":true,"href":"https:\/\/youenglish.school\/fr\/wp-json\/wp\/v2\/users\/3"}],"replies":[{"embeddable":true,"href":"https:\/\/youenglish.school\/fr\/wp-json\/wp\/v2\/comments?post=4747"}],"version-history":[{"count":0,"href":"https:\/\/youenglish.school\/fr\/wp-json\/wp\/v2\/pages\/4747\/revisions"}],"wp:attachment":[{"href":"https:\/\/youenglish.school\/fr\/wp-json\/wp\/v2\/media?parent=4747"}],"curies":[{"name":"wp","href":"https:\/\/api.w.org\/{rel}","templated":true}]}}