{"id":4757,"date":"2021-02-24T12:34:26","date_gmt":"2021-02-24T11:34:26","guid":{"rendered":"https:\/\/youenglish.school\/?page_id=4757"},"modified":"2021-04-19T09:42:17","modified_gmt":"2021-04-19T07:42:17","slug":"anglais-pour-les-adultes","status":"publish","type":"page","link":"https:\/\/youenglish.school\/fr\/anglais-pour-les-adultes\/","title":{"rendered":"Anglais pour les adultes"},"content":{"rendered":"\n<div class=\"wp-block-image\"><figure class=\"aligncenter size-full is-resized\"><img decoding=\"async\" src=\"https:\/\/youenglish.school\/wp-content\/uploads\/2021\/03\/youenglish.school-anglais-pour-les-adultes.png\" alt=\"\" class=\"wp-image-5387\" width=\"590\" srcset=\"https:\/\/youenglish.school\/wp-content\/uploads\/2021\/03\/youenglish.school-anglais-pour-les-adultes.png 4563w, https:\/\/youenglish.school\/wp-content\/uploads\/2021\/03\/youenglish.school-anglais-pour-les-adultes-300x136.png 300w, https:\/\/youenglish.school\/wp-content\/uploads\/2021\/03\/youenglish.school-anglais-pour-les-adultes-1024x464.png 1024w, https:\/\/youenglish.school\/wp-content\/uploads\/2021\/03\/youenglish.school-anglais-pour-les-adultes-768x348.png 768w, https:\/\/youenglish.school\/wp-content\/uploads\/2021\/03\/youenglish.school-anglais-pour-les-adultes-1536x696.png 1536w, https:\/\/youenglish.school\/wp-content\/uploads\/2021\/03\/youenglish.school-anglais-pour-les-adultes-2048x928.png 2048w, https:\/\/youenglish.school\/wp-content\/uploads\/2021\/03\/youenglish.school-anglais-pour-les-adultes-1200x544.png 1200w, https:\/\/youenglish.school\/wp-content\/uploads\/2021\/03\/youenglish.school-anglais-pour-les-adultes-1980x897.png 1980w\" sizes=\"(max-width: 4563px) 100vw, 4563px\" \/><\/figure><\/div>\n\n\n\n<p><strong>Apprends plus vite avec YouEnglish. Cours particuliers d\u2019anglais maintenant disponibles en ligne!<\/strong><\/p>\n\n\n\n<p>Nos cours particuliers sont construits toujours en fonction des besoins de chaque \u00e9tudiant. \u00c9puis\u00e9 par d\u2019autres m\u00e9thodes? Marre des cours qui n\u2019apportent aucun r\u00e9sultat? Alors \u00e7a vaut peut-\u00eatre la peine de tester YouEnglish! Choisis notre le\u00e7on de d\u00e9monstration pendant laquelle nous te fournirons des conseils d\u2019experts sur la fa\u00e7on d\u2019atteindre tes objectifs le plus rapidement possible. Nous t\u2019aiderons \u00e0 d\u00e9terminer ce qui doit \u00eatre fait pendant le cours et tu sauras enfin comment apprendre l\u2019anglais de mani\u00e8re plus efficace!<\/p>\n\n\n\n<p><strong>Nos cours particuliers se caract\u00e9risent par une approche tr\u00e8s personnalis\u00e9e<\/strong><\/p>\n\n\n\n<p>Tu auras une grande flexibilit\u00e9 dans la planification, l\u2019annulation ou le report des cours ce qui est primordial pour la plupart de nos \u00e9tudiants tr\u00e8s occup\u00e9s. Nos plages horaires sont tr\u00e8s larges, tu peux avoir un cours&nbsp;\u00e0&nbsp;6 heures du matin&nbsp;ou&nbsp;\u00e0&nbsp;23h&nbsp;et nous sommes bien \u00e9videmment disponibles \u00e9galement le weekend!<\/p>\n\n\n\n<div class=\"wp-block-buttons is-horizontal is-content-justification-center is-layout-flex wp-container-core-buttons-is-layout-499968f5 wp-block-buttons-is-layout-flex\">\n<div class=\"wp-block-button\"><a class=\"wp-block-button__link has-white-color has-gold-background-color has-text-color has-background no-border-radius wp-element-button\" href=\"https:\/\/youenglish.school\/fr\/contact\/\">NAPISZ DO NAS<\/a><\/div>\n<\/div>\n\n\n\n<p><strong>Prise de parole en public<\/strong><\/p>\n\n\n\n<p>Peur de parler en anglais devant un public plus large? Pas de panique! Parmi nos professeurs nous avons aussi des sp\u00e9cialistes en relations publiques, des avocats, des musiciens et m\u00eame un ing\u00e9nieur. Nous te donnerons les conseils sur la gestion de stress et nous travaillerons minutieusement chaque phrase. Tu seras parfaitement pr\u00e9par\u00e9 pour entrer sur sc\u00e8ne. Tous les secteurs sont les bienvenus!<\/p>\n\n\n\n<p><strong>UNBLOCK YOURSELF<\/strong><\/p>\n\n\n\n<p>Nous travaillons souvent avec des personnes qui se sentent totalement bloqu\u00e9es en anglais. Parfois, c\u2019est la cons\u00e9quence de cours traumatisants \u00e0 l\u2019\u00e9cole, d\u2019un perfectionnisme excessif ou de probl\u00e8mes de confiance en soi.<\/p>\n\n\n\n<p>Afin de mieux r\u00e9pondre \u00e0 ce probl\u00e8me, nous avons d\u00e9velopp\u00e9 notre propre concept phare, le cours&nbsp;<strong>UNBLOCK YOURSELF<\/strong>. Notre r\u00e9ussite est la meilleure invitation pour que tu testes YouEnglish. Pendant nos cours d\u2019anglais personnalis\u00e9s, nous ferons de notre mieux pour que tu te sentes \u00e0 l\u2019aise et en s\u00e9curit\u00e9. Tu vas commencer \u00e0 parler anglais plus vite que tu ne le penses.<\/p>\n\n\n\n<div class=\"wp-block-buttons is-horizontal is-content-justification-center is-layout-flex wp-container-core-buttons-is-layout-499968f5 wp-block-buttons-is-layout-flex\">\n<div class=\"wp-block-button\"><a class=\"wp-block-button__link has-white-color has-gold-background-color has-text-color has-background no-border-radius wp-element-button\" href=\"https:\/\/youenglish.school\/fr\/contact\/\">NAPISZ DO NAS<\/a><\/div>\n<\/div>\n\n\n\n<p><strong><strong>Conversations personnalis\u00e9es d&rsquo;anglais&nbsp;<\/strong>avec des lecteurs natifs<\/strong><\/p>\n\n\n\n<p>Christa, Lauren, Andrew, Patrick, John, Sarah, seront heureux de t\u2019aider \u00e0 exprimer tes pens\u00e9es, sentiments, impressions et opinions.<\/p>\n\n\n\n<p>Nous savons parfaitement bien comment le faire efficacement. N\u2019aies pas peur que les cours soient ennuyeux et que nous ne te laissions pas t\u2019exprimer. Choisis nos cours personnalis\u00e9s, rencontre des personnes int\u00e9ressantes et discute de tous les sujets importants pour toi. Chaque cours te permettra d\u2019apprendre le nouveau vocabulaire et de nouvelles expressions, n\u00e9cessaires pour que tu t\u2019exprimes avec justesse et finesse. Le cours de d\u00e9monstration sera le moment d\u2019\u00e9change afin que tu puisses nous expliquer les sujets que tu voudrais travailler en profondeur. Nous pr\u00e9parerons par la suite un programme personnalis\u00e9 qui tiendra compte de tes besoins et pr\u00e9f\u00e9rences.\u00a0<\/p>\n\n\n\n<p>Le concept de travail YouEnglish implique l\u2019apprentissage avec plusieurs enseignants diff\u00e9rents. C\u2019est tout \u00e0 fait volontaire et conseill\u00e9 surtout quand on a un niveau de langue assez avanc\u00e9. Le but est de s\u2019habituer aux divers accents, d\u2019\u00e9changer avec diff\u00e9rentes personnes et d\u2019\u00eatre en mesure de bien comprendre ce qu\u2019elles disent. Avec des lecteurs natifs, tu pratiques non seulement la conversation, mais aussi la compr\u00e9hension. Leur richesse culturelle et linguistique te permettra de d\u00e9couvrir l\u2019anglais diff\u00e9remment. Bienvenue chez YouEnglish!<\/p>\n\n\n\n<div class=\"wp-block-buttons is-horizontal is-content-justification-center is-layout-flex wp-container-core-buttons-is-layout-499968f5 wp-block-buttons-is-layout-flex\">\n<div class=\"wp-block-button\"><a class=\"wp-block-button__link has-white-color has-gold-background-color has-text-color has-background no-border-radius wp-element-button\" href=\"https:\/\/youenglish.school\/fr\/contact\/\">NAPISZ DO NAS<\/a><\/div>\n<\/div>\n","protected":false},"excerpt":{"rendered":"<p>Apprends plus vite avec YouEnglish. Cours particuliers d\u2019anglais maintenant disponibles en ligne! Nos cours particuliers sont construits toujours en fonction des besoins de chaque \u00e9tudiant. \u00c9puis\u00e9 par d\u2019autres m\u00e9thodes? Marre des cours qui n\u2019apportent aucun r\u00e9sultat? Alors \u00e7a vaut peut-\u00eatre la peine de tester YouEnglish! Choisis notre le\u00e7on de d\u00e9monstration pendant laquelle nous te fournirons [&hellip;]<\/p>\n","protected":false},"author":3,"featured_media":0,"parent":0,"menu_order":17,"comment_status":"closed","ping_status":"closed","template":"","meta":{"_acf_changed":false,"footnotes":""},"class_list":["post-4757","page","type-page","status-publish","hentry"],"acf":[],"_links":{"self":[{"href":"https:\/\/youenglish.school\/fr\/wp-json\/wp\/v2\/pages\/4757","targetHints":{"allow":["GET"]}}],"collection":[{"href":"https:\/\/youenglish.school\/fr\/wp-json\/wp\/v2\/pages"}],"about":[{"href":"https:\/\/youenglish.school\/fr\/wp-json\/wp\/v2\/types\/page"}],"author":[{"embeddable":true,"href":"https:\/\/youenglish.school\/fr\/wp-json\/wp\/v2\/users\/3"}],"replies":[{"embeddable":true,"href":"https:\/\/youenglish.school\/fr\/wp-json\/wp\/v2\/comments?post=4757"}],"version-history":[{"count":0,"href":"https:\/\/youenglish.school\/fr\/wp-json\/wp\/v2\/pages\/4757\/revisions"}],"wp:attachment":[{"href":"https:\/\/youenglish.school\/fr\/wp-json\/wp\/v2\/media?parent=4757"}],"curies":[{"name":"wp","href":"https:\/\/api.w.org\/{rel}","templated":true}]}}