{"id":4821,"date":"2020-03-25T10:25:00","date_gmt":"2020-03-25T09:25:00","guid":{"rendered":"https:\/\/youenglish.school\/strona-glowna\/"},"modified":"2021-06-01T10:17:05","modified_gmt":"2021-06-01T08:17:05","slug":"strona-glowna","status":"publish","type":"page","link":"https:\/\/youenglish.school\/fr\/","title":{"rendered":"Page d&rsquo;accueil"},"content":{"rendered":"\n<div class=\"wp-block-cover alignfull is-position-center-center c-hero\" style=\"min-height:80vh;aspect-ratio:unset;\"><img loading=\"lazy\" decoding=\"async\" width=\"2860\" height=\"1432\" class=\"wp-block-cover__image-background wp-image-3529\" alt=\"\" src=\"https:\/\/youenglish.school\/wp-content\/uploads\/2020\/11\/youenglish.school-strona-glowna.png\" data-object-fit=\"cover\" srcset=\"https:\/\/youenglish.school\/wp-content\/uploads\/2020\/11\/youenglish.school-strona-glowna.png 2860w, https:\/\/youenglish.school\/wp-content\/uploads\/2020\/11\/youenglish.school-strona-glowna-300x150.png 300w, https:\/\/youenglish.school\/wp-content\/uploads\/2020\/11\/youenglish.school-strona-glowna-1024x513.png 1024w, https:\/\/youenglish.school\/wp-content\/uploads\/2020\/11\/youenglish.school-strona-glowna-768x385.png 768w, https:\/\/youenglish.school\/wp-content\/uploads\/2020\/11\/youenglish.school-strona-glowna-1536x769.png 1536w, https:\/\/youenglish.school\/wp-content\/uploads\/2020\/11\/youenglish.school-strona-glowna-2048x1025.png 2048w, https:\/\/youenglish.school\/wp-content\/uploads\/2020\/11\/youenglish.school-strona-glowna-1200x601.png 1200w, https:\/\/youenglish.school\/wp-content\/uploads\/2020\/11\/youenglish.school-strona-glowna-1980x991.png 1980w\" sizes=\"auto, (max-width: 2860px) 100vw, 2860px\" \/><div class=\"wp-block-cover__inner-container is-layout-flow wp-block-cover-is-layout-flow\">\n<div class=\"wp-block-columns alignwide is-layout-flex wp-container-core-columns-is-layout-9d6595d7 wp-block-columns-is-layout-flex\">\n<div class=\"wp-block-column is-layout-flow wp-block-column-is-layout-flow\">\n<p><\/p>\n\n\n\n<h2 class=\"entry-title heading-size-1 has-black-color has-text-color wp-block-heading\">\u00c9cole de langues \u00e9trang\u00e8res&nbsp;<br>totalement diff\u00e9rente.<\/h2>\n\n\n\n<p><\/p>\n\n\n\n<p class=\"has-text-align-left has-primary-color has-text-color has-large-font-size\">Pas de grammaire r\u00e9p\u00e9titive, pas de manuels ennuyeux, <br>pas d\u2019apprentissage \u00e9ternel qui n\u2019en finit pas.<br>Seulement une conversation anim\u00e9e, ludique et tr\u00e8s intense. <br>O\u00f9 que tu sois, il suffit de te connecter et de commencer \u00e0 parler.<br>Simple, divertissant et r\u00e9ellement efficace.<\/p>\n\n\n\n<div class=\"wp-block-buttons line is-layout-flex wp-block-buttons-is-layout-flex\">\n<div class=\"wp-block-button is-style-fill\"><a class=\"wp-block-button__link has-white-color has-gold-background-color has-text-color has-background no-border-radius\" href=\"https:\/\/youenglish.school\/fr\/contact\/\">R\u00e9serve une le\u00e7on de d\u00e9mo gratuite<\/a><\/div>\n<\/div>\n\n\n\n<p><\/p>\n<\/div>\n<\/div>\n<\/div><\/div>\n\n\n\n<div class=\"wp-block-cover alignfull has-background-dim-30 has-primary-background-color has-background-dim has-parallax is-position-center-center\" style=\"background-image:url(https:\/\/youenglish.school\/wp-content\/uploads\/2020\/11\/hero-1.jpg);min-height:500px;aspect-ratio:unset;\"><div class=\"wp-block-cover__inner-container is-layout-flow wp-block-cover-is-layout-flow\">\n<p class=\"has-text-align-center has-text-color\" style=\"color:#fffffa;font-size:66px;line-height:1.1\"><strong> C&rsquo;est toi qui comptes<\/strong><\/p>\n<\/div><\/div>\n\n\n\n<p><strong>Pourquoi tu peux nous faire confiance?<\/strong><\/p>\n\n\n\n<p>Nous sommes un groupe international d&rsquo;enseignants passionn\u00e9s, engag\u00e9s et tr\u00e8s dynamiques.&nbsp;<br>Depuis 2015, toujours avec la m\u00eame efficacit\u00e9, nous avons fait progresser des centaines d&rsquo;\u00e9tudiants qui parlent enfin anglais. <br>Nous connaissons de nombreuses m\u00e9thodes d&rsquo;enseignement mais notre approche est tr\u00e8s personnalis\u00e9e. Nous choisirons la meilleure pour toi, parce que&nbsp;<em>you are the method<\/em>. <br>C&rsquo;est toi qui fixes tes objectifs qui deviennent d\u00e9sormais notre priorit\u00e9.&nbsp;<\/p>\n\n\n\n<p>L&rsquo;anglais avec&nbsp;YouEnglish&nbsp;c&rsquo;est l&rsquo;efficacit\u00e9, la flexibilit\u00e9 et surtout beaucoup de plaisir!<\/p>\n\n\n\n<p><strong>Puisque notre image est mise en jeu, nous sommes efficaces. Tout simplement.<\/strong><\/p>\n\n\n\n<p>Nous savons exactement comment te faire progresser donc nous te garantissons que tu commenceras \u00e0 parler. D&rsquo;o\u00f9 vient cette conviction? De la part de nos \u00e9tudiants, ce sont eux qui le disent. Et de plus, nous enseignons comme nous aimerions apprendre nous-m\u00eames! Nous utilisons des m\u00e9thodes non conventionnelles d&rsquo;apprentissage qui ont fait leurs preuves.<\/p>\n\n\n\n<ul class=\"wp-block-list\"><li>&nbsp;Une m\u00e9thode bas\u00e9e sur l&rsquo;oral<\/li><li>&nbsp;Un premier cours enti\u00e8rement gratuit<\/li><li>&nbsp;Des professeurs de langue anglaise qui viennent des 4 coins du monde!<\/li><li>&nbsp;Des cours \u00e0 6h du mat&rsquo; ou \u00e0 minuit!<\/li><li>&nbsp;Une progression \u00e0 ton rythme<\/li><li>&nbsp;Un suivi individuel<\/li><\/ul>\n\n\n\n<p>Car apr\u00e8s tout, tu investis dans ton avenir, n&rsquo;est-ce pas?<\/p>\n\n\n\n<p>Planifie un cours de d\u00e9monstration, tu pourras voir comment nous travaillons et&#8230;&nbsp;<em>start speaking English with&nbsp;<strong>YouEnglish!<\/strong><\/em><\/p>\n\n\n\n<p>Lors de la premi\u00e8re r\u00e9union gratuite, nous analyserons tes besoins et mettrons au point un plan d&rsquo;action individuel. Bient\u00f4t, tu commenceras \u00e0 parler anglais et tu seras tellement fier&nbsp;de toi. Et nous avec toi. C&rsquo;est \u00e7a, le concept&nbsp;<strong>YouEnglish<\/strong>!<\/p>\n\n\n\n<div class=\"wp-block-group alignwide\"><div class=\"wp-block-group__inner-container is-layout-flow wp-block-group-is-layout-flow\">\n<div class=\"wp-block-columns alignfull is-layout-flex wp-container-core-columns-is-layout-9d6595d7 wp-block-columns-is-layout-flex\">\n<div class=\"wp-block-column box is-layout-flow wp-block-column-is-layout-flow\">\n<div class=\"wp-block-image\"><figure class=\"aligncenter size-large\"><img loading=\"lazy\" decoding=\"async\" width=\"132\" height=\"110\" src=\"https:\/\/youenglish.school\/wp-content\/uploads\/2020\/11\/Individual.png\" alt=\"\" class=\"wp-image-3344\"><\/figure><\/div>\n\n\n\n<h2 class=\"has-text-align-center wp-block-heading\">Cours individuels<\/h2>\n\n\n\n<p class=\"has-text-align-center\">Cours DEBLOQUE TON ANGLAIS, Cours intensif FULL INTENSITY, Cours de conversation, Anglais des affaires<\/p>\n\n\n\n<div class=\"wp-block-buttons is-content-justification-center is-layout-flex wp-block-buttons-is-layout-flex\">\n<div class=\"wp-block-button is-style-fill\"><a class=\"wp-block-button__link has-white-color has-gold-background-color has-text-color has-background no-border-radius\" href=\"https:\/\/youenglish.school\/fr\/cours-individuels\/\">Besoin d\u2019info?<\/a><\/div>\n<\/div>\n<\/div>\n\n\n\n<div class=\"wp-block-column is-vertically-aligned-top box is-layout-flow wp-block-column-is-layout-flow\">\n<div class=\"wp-block-image\"><figure class=\"aligncenter size-large\"><img loading=\"lazy\" decoding=\"async\" width=\"206\" height=\"109\" src=\"https:\/\/youenglish.school\/wp-content\/uploads\/2020\/11\/Group-4.png\" alt=\"Szko\u0142a j\u0119zykowa we Wroc\u0142awiu\" class=\"wp-image-3343\"\/><\/figure><\/div>\n\n\n\n<h2 class=\"has-text-align-center wp-block-heading\">Groupes<\/h2>\n\n\n\n<p class=\"has-text-align-center\">Cours DEBLOQUE TON ANGLAIS, tests IELTS, TOEFL, TOEIC, enfants et adolescents<br><br><\/p>\n\n\n\n<div class=\"wp-block-buttons is-content-justification-center is-layout-flex wp-block-buttons-is-layout-flex\">\n<div class=\"wp-block-button is-style-fill\"><a class=\"wp-block-button__link has-white-color has-gold-background-color has-text-color has-background no-border-radius\" href=\"https:\/\/youenglish.school\/fr\/les-cours-de-langues-online\/\">Besoin d\u2019info?<\/a><\/div>\n<\/div>\n<\/div>\n<\/div>\n\n\n\n<div class=\"wp-block-columns alignfull is-layout-flex wp-container-core-columns-is-layout-9d6595d7 wp-block-columns-is-layout-flex\">\n<div class=\"wp-block-column is-vertically-aligned-top box is-layout-flow wp-block-column-is-layout-flow\">\n<div class=\"wp-block-image\"><figure class=\"aligncenter size-large\"><img loading=\"lazy\" decoding=\"async\" width=\"132\" height=\"110\" src=\"https:\/\/youenglish.school\/wp-content\/uploads\/2020\/11\/Individual.png\" alt=\"\" class=\"wp-image-3344\"><\/figure><\/div>\n\n\n\n<h2 class=\"has-text-align-center wp-block-heading\">Examens et certifications d\u2019anglais<\/h2>\n\n\n\n<p class=\"has-text-align-center\">FC, CAE, Proficiency, IELTS, TOEFL, TOEIC<\/p>\n\n\n\n<div class=\"wp-block-buttons is-content-justification-center is-layout-flex wp-block-buttons-is-layout-flex\">\n<div class=\"wp-block-button is-style-fill\"><a class=\"wp-block-button__link has-white-color has-gold-background-color has-text-color has-background no-border-radius\" href=\"https:\/\/youenglish.school\/fr\/examens-et-certificats\/\">Besoin d\u2019info?<\/a><\/div>\n<\/div>\n<\/div>\n\n\n\n<div class=\"wp-block-column box is-layout-flow wp-block-column-is-layout-flow\">\n<div class=\"wp-block-image\"><figure class=\"aligncenter size-large\"><img loading=\"lazy\" decoding=\"async\" width=\"149\" height=\"109\" src=\"https:\/\/youenglish.school\/wp-content\/uploads\/2020\/11\/Group-3.png\" alt=\"\" class=\"wp-image-3342\"><\/figure><\/div>\n\n\n\n<h2 class=\"has-text-align-center wp-block-heading\">S\u00e9jours linguistiques<\/h2>\n\n\n\n<p class=\"has-text-align-center\">Royaume-Uni, Etats-Unis, Canada, Allemagne, Espagne \u2013 disponibles toute l&rsquo;ann\u00e9e pour les enfants et les adultes<\/p>\n\n\n\n<div class=\"wp-block-buttons is-content-justification-center is-layout-flex wp-block-buttons-is-layout-flex\">\n<div class=\"wp-block-button is-style-fill\"><a class=\"wp-block-button__link has-white-color has-gold-background-color has-text-color has-background no-border-radius\" href=\"https:\/\/youenglish.school\/fr\/contactez\/\">Besoin d\u2019info?<\/a><\/div>\n<\/div>\n<\/div>\n<\/div>\n<\/div><\/div>\n\n\n\n<div class=\"wp-block-buttons is-horizontal is-content-justification-center is-layout-flex wp-container-core-buttons-is-layout-499968f5 wp-block-buttons-is-layout-flex\">\n<div class=\"wp-block-button\"><a class=\"wp-block-button__link has-white-color has-gold-background-color has-text-color has-background no-border-radius wp-element-button\" href=\"https:\/\/youenglish.school\/fr\/contact\/\">NAPISZ DO NAS<\/a><\/div>\n<\/div>\n\n\n\n<div style=\"height:40px\" aria-hidden=\"true\" class=\"wp-block-spacer\"><\/div>\n\n\n\n<div class=\"wp-block-columns alignwide is-layout-flex wp-container-core-columns-is-layout-9d6595d7 wp-block-columns-is-layout-flex\">\n<div class=\"wp-block-column box is-layout-flow wp-block-column-is-layout-flow\">\n<h3 class=\"has-text-align-center wp-block-heading\" style=\"font-size:34px\"><strong>Qui sommes-nous?<\/strong><\/h3>\n\n\n\n<p><strong>YouEnglish<\/strong>&nbsp;emploie des professeurs exceptionnels, des personnalit\u00e9s fortes mais surtout et avant tout des passionn\u00e9s d&rsquo;enseignement. Notre talentueuse \u00e9quipe&nbsp;p\u00e9dagogique&nbsp;changera \u00e0 jamais&nbsp;ta vision d&rsquo;une \u00e9cole&nbsp;de langues.<\/p>\n<\/div>\n\n\n\n<div class=\"wp-block-column box is-layout-flow wp-block-column-is-layout-flow\">\n<h3 class=\"has-text-align-center wp-block-heading\" style=\"font-size:34px\"><strong>En quoi sommes-nous diff\u00e9rents?<\/strong><\/h3>\n\n\n\n<p class=\"has-text-align-left\">R\u00e9sultats rapides plut\u00f4t que l&rsquo;apprentissage \u00e9ternel.&nbsp; Tu apprendras exactement ce dont tu as besoin avec un objectif clair fix\u00e9 pour toi. Tu seras sans cesse pouss\u00e9 \u00e0 parler. Gr\u00e2ce \u00e0 notre suivi individuel adapt\u00e9 \u00e0 tes besoins, tu te sentiras motiv\u00e9 pour progresser et tu verras des r\u00e9sultats rapidement.&nbsp;<\/p>\n<\/div>\n<\/div>\n","protected":false},"excerpt":{"rendered":"<p>Pourquoi tu peux nous faire confiance? Nous sommes un groupe international d&rsquo;enseignants passionn\u00e9s, engag\u00e9s et tr\u00e8s dynamiques.&nbsp;Depuis 2015, toujours avec la m\u00eame efficacit\u00e9, nous avons fait progresser des centaines d&rsquo;\u00e9tudiants qui parlent enfin anglais. Nous connaissons de nombreuses m\u00e9thodes d&rsquo;enseignement mais notre approche est tr\u00e8s personnalis\u00e9e. Nous choisirons la meilleure pour toi, parce que&nbsp;you are [&hellip;]<\/p>\n","protected":false},"author":2,"featured_media":0,"parent":0,"menu_order":5,"comment_status":"closed","ping_status":"closed","template":"","meta":{"_acf_changed":false,"footnotes":""},"class_list":["post-4821","page","type-page","status-publish","hentry"],"acf":[],"_links":{"self":[{"href":"https:\/\/youenglish.school\/fr\/wp-json\/wp\/v2\/pages\/4821","targetHints":{"allow":["GET"]}}],"collection":[{"href":"https:\/\/youenglish.school\/fr\/wp-json\/wp\/v2\/pages"}],"about":[{"href":"https:\/\/youenglish.school\/fr\/wp-json\/wp\/v2\/types\/page"}],"author":[{"embeddable":true,"href":"https:\/\/youenglish.school\/fr\/wp-json\/wp\/v2\/users\/2"}],"replies":[{"embeddable":true,"href":"https:\/\/youenglish.school\/fr\/wp-json\/wp\/v2\/comments?post=4821"}],"version-history":[{"count":0,"href":"https:\/\/youenglish.school\/fr\/wp-json\/wp\/v2\/pages\/4821\/revisions"}],"wp:attachment":[{"href":"https:\/\/youenglish.school\/fr\/wp-json\/wp\/v2\/media?parent=4821"}],"curies":[{"name":"wp","href":"https:\/\/api.w.org\/{rel}","templated":true}]}}