{"id":4838,"date":"2018-08-28T12:32:16","date_gmt":"2018-08-28T12:32:16","guid":{"rendered":"https:\/\/youenglish.school\/kontakt\/"},"modified":"2021-08-19T11:02:06","modified_gmt":"2021-08-19T09:02:06","slug":"contact","status":"publish","type":"page","link":"https:\/\/youenglish.school\/fr\/contact\/","title":{"rendered":"Contact"},"content":{"rendered":"\n<div class=\"wp-block-image\"><figure class=\"aligncenter size-full is-resized\"><img decoding=\"async\" src=\"https:\/\/youenglish.school\/wp-content\/uploads\/2021\/03\/youenglish.school-contactez-nous.png\" alt=\"Contact\" class=\"wp-image-5410\" width=\"590\" srcset=\"https:\/\/youenglish.school\/wp-content\/uploads\/2021\/03\/youenglish.school-contactez-nous.png 3011w, https:\/\/youenglish.school\/wp-content\/uploads\/2021\/03\/youenglish.school-contactez-nous-300x191.png 300w, https:\/\/youenglish.school\/wp-content\/uploads\/2021\/03\/youenglish.school-contactez-nous-1024x653.png 1024w, https:\/\/youenglish.school\/wp-content\/uploads\/2021\/03\/youenglish.school-contactez-nous-768x490.png 768w, https:\/\/youenglish.school\/wp-content\/uploads\/2021\/03\/youenglish.school-contactez-nous-1536x979.png 1536w, https:\/\/youenglish.school\/wp-content\/uploads\/2021\/03\/youenglish.school-contactez-nous-2048x1306.png 2048w, https:\/\/youenglish.school\/wp-content\/uploads\/2021\/03\/youenglish.school-contactez-nous-1200x765.png 1200w, https:\/\/youenglish.school\/wp-content\/uploads\/2021\/03\/youenglish.school-contactez-nous-1980x1263.png 1980w\" sizes=\"(max-width: 3011px) 100vw, 3011px\" \/><\/figure><\/div>\n\n\n\n<p>Envie d&rsquo;en savoir plus? Int\u00e9ress\u00e9 par le cours de d\u00e9monstration gratuit? Nous \u00e9tudierons ensemble tes objectifs et tes attentes. Ton programme personnalis\u00e9 sera pr\u00eat en fonction de tes besoins. <strong>Bient\u00f4t tu vas parler anglais.<\/strong> <\/p>\n\n\n\n<h2 class=\"wp-block-heading\">Formulaire de contact<\/h2>\n\n\n<div class=\"caldera-grid\" id=\"caldera_form_1\" data-cf-ver=\"1.9.7\" data-cf-form-id=\"CF60d1fa6127824\"><div id=\"caldera_notices_1\" data-spinner=\"https:\/\/youenglish.school\/wp-admin\/images\/spinner.gif\"><\/div><form data-instance=\"1\" class=\"CF60d1fa6127824 caldera_forms_form cfajax-trigger\" method=\"POST\" enctype=\"multipart\/form-data\" id=\"CF60d1fa6127824_1\" data-form-id=\"CF60d1fa6127824\" aria-label=\"Formulaire de contact\" data-target=\"#caldera_notices_1\" data-template=\"#cfajax_CF60d1fa6127824-tmpl\" data-cfajax=\"CF60d1fa6127824\" data-load-element=\"_parent\" data-load-class=\"cf_processing\" data-post-disable=\"0\" data-action=\"cf_process_ajax_submit\" data-request=\"https:\/\/youenglish.school\/fr\/\/cf-api\/CF60d1fa6127824\" data-custom-callback=\"slug_post_form_submit\" data-hiderows=\"true\">\r\n<input type=\"hidden\" id=\"_cf_verify_CF60d1fa6127824\" name=\"_cf_verify\" value=\"01264b0f14\"  data-nonce-time=\"1778765724\" \/><input type=\"hidden\" name=\"_wp_http_referer\" value=\"\/fr\/wp-json\/wp\/v2\/pages\/4838\" \/><div id=\"cf2-CF60d1fa6127824_1\"><\/div><input type=\"hidden\" name=\"_cf_frm_id\" value=\"CF60d1fa6127824\">\r\n<input type=\"hidden\" name=\"_cf_frm_ct\" value=\"1\">\r\n<input type=\"hidden\" name=\"cfajax\" value=\"CF60d1fa6127824\">\r\n<input type=\"hidden\" name=\"_cf_cr_pst\" value=\"4838\">\r\n<div class=\"hide\" style=\"display:none; overflow:hidden;height:0;width:0;\">\r\n<label>Company<\/label><input type=\"text\" name=\"company\" value=\"\" autocomplete=\"off\">\r\n<\/div><div id=\"CF60d1fa6127824_1-row-1\"  class=\"row  first_row\"><div  class=\"col-sm-12  single\"><div class=\"\"><p><small>Les champs marqu\u00e9s d&rsquo;un ast\u00e9risque <span aria-hidden=\"true\" role=\"presentation\" class=\"field_required\" style=\"color:#ee0000;\">*<\/span> sont obligatoires<\/small><\/p>\n<\/div><\/div><\/div><div id=\"CF60d1fa6127824_1-row-2\"  class=\"row \"><div  class=\"col-sm-4  first_col\"><div data-field-wrapper=\"fld_8768091\" class=\"form-group\" id=\"fld_8768091_1-wrap\">\r\n\t<label id=\"fld_8768091Label\" for=\"fld_8768091_1\" class=\"control-label\">Nom et pr\u00e9nom <span aria-hidden=\"true\" role=\"presentation\" class=\"field_required\" style=\"color:#ee0000;\">*<\/span><\/label>\r\n\t<div class=\"\">\r\n\t\t<input   required type=\"text\" data-field=\"fld_8768091\" class=\" form-control\" id=\"fld_8768091_1\" name=\"fld_8768091\" value=\"\" data-type=\"text\" aria-required=\"true\"   aria-labelledby=\"fld_8768091Label\" >\t\t\t<\/div>\r\n<\/div>\r\n<\/div><div  class=\"col-sm-4 \"><div data-field-wrapper=\"fld_9970286\" class=\"form-group\" id=\"fld_9970286_1-wrap\">\r\n\t<label id=\"fld_9970286Label\" for=\"fld_9970286_1\" class=\"control-label\">Num\u00e9ro de t\u00e9l\u00e9phone<\/label>\r\n\t<div class=\"\">\r\n\t\t<input    type=\"tel\" data-field=\"fld_9970286\" class=\" form-control\" id=\"fld_9970286_1\" name=\"fld_9970286\" value=\"\" data-type=\"tel\"   aria-labelledby=\"fld_9970286Label\" >\t\t\t<\/div>\r\n<\/div>\r\n<\/div><div  class=\"col-sm-4  last_col\"><div data-field-wrapper=\"fld_6009157\" class=\"form-group\" id=\"fld_6009157_1-wrap\">\r\n\t<label id=\"fld_6009157Label\" for=\"fld_6009157_1\" class=\"control-label\">Adresse email <span aria-hidden=\"true\" role=\"presentation\" class=\"field_required\" style=\"color:#ee0000;\">*<\/span><\/label>\r\n\t<div class=\"\">\r\n\t\t<input   required type=\"email\" data-field=\"fld_6009157\" class=\" form-control\" id=\"fld_6009157_1\" name=\"fld_6009157\" value=\"\" data-type=\"email\" aria-required=\"true\"   aria-labelledby=\"fld_6009157Label\" >\t\t\t<\/div>\r\n<\/div>\r\n<\/div><\/div><div id=\"CF60d1fa6127824_1-row-3\"  class=\"row \"><div  class=\"col-sm-12  single\"><div data-field-wrapper=\"fld_7683514\" class=\"form-group\" id=\"fld_7683514_1-wrap\">\r\n\t<label id=\"fld_7683514Label\" for=\"fld_7683514_1\" class=\"control-label\">Quel cours t&rsquo;int\u00e9resse le plus? <span aria-hidden=\"true\" role=\"presentation\" class=\"field_required\" style=\"color:#ee0000;\">*<\/span><\/label>\r\n\t<div class=\"\">\r\n\t\t<textarea name=\"fld_7683514\" value=\"\" data-field=\"fld_7683514\" class=\"form-control\" id=\"fld_7683514_1\" rows=\"7\"  required=\"required\"  aria-labelledby=\"fld_7683514Label\" ><\/textarea>\n\t\t\t<\/div>\r\n<\/div>\r\n<\/div><\/div><div id=\"CF60d1fa6127824_1-row-4\"  class=\"row  last_row\"><div  class=\"col-sm-12  single\"><div data-field-wrapper=\"fld_7908577\" class=\"form-group\" id=\"fld_7908577_1-wrap\">\r\n<div class=\"\">\r\n\t<input  class=\"wp-block-button__link has-white-color has-gold-background-color has-text-color has-background\" type=\"submit\" name=\"fld_7908577\" id=\"fld_7908577_1\" value=\"Envoyer\" data-field=\"fld_7908577\"  >\n<\/div>\r\n<\/div>\r\n\t<input class=\"button_trigger_1\" type=\"hidden\" name=\"fld_7908577\" id=\"fld_7908577_1_btn\" value=\"\" data-field=\"fld_7908577\"  \/>\n<\/div><\/div><\/form>\r\n<\/div>\r\n\n\n\n<p>\u00c9cris-nous \u00e0: <strong><a href=\"mailto:contact@youenglish.school\">contact@youenglish.school<\/a><\/strong><\/p>\n\n\n\n<p>Num\u00e9ro de t\u00e9l\u00e9phone: <a href=\"tel:+33684749359\"><strong>+33 6 84 74 93 59<\/strong><\/a><\/p>\n","protected":false},"excerpt":{"rendered":"<p>Envie d&rsquo;en savoir plus? Int\u00e9ress\u00e9 par le cours de d\u00e9monstration gratuit? Nous \u00e9tudierons ensemble tes objectifs et tes attentes. Ton programme personnalis\u00e9 sera pr\u00eat en fonction de tes besoins. Bient\u00f4t tu vas parler anglais. Formulaire de contact \u00c9cris-nous \u00e0: contact@youenglish.school Num\u00e9ro de t\u00e9l\u00e9phone: +33 6 84 74 93 59<\/p>\n","protected":false},"author":3,"featured_media":0,"parent":0,"menu_order":127,"comment_status":"closed","ping_status":"closed","template":"","meta":{"_acf_changed":false,"footnotes":""},"class_list":["post-4838","page","type-page","status-publish","hentry"],"acf":[],"_links":{"self":[{"href":"https:\/\/youenglish.school\/fr\/wp-json\/wp\/v2\/pages\/4838","targetHints":{"allow":["GET"]}}],"collection":[{"href":"https:\/\/youenglish.school\/fr\/wp-json\/wp\/v2\/pages"}],"about":[{"href":"https:\/\/youenglish.school\/fr\/wp-json\/wp\/v2\/types\/page"}],"author":[{"embeddable":true,"href":"https:\/\/youenglish.school\/fr\/wp-json\/wp\/v2\/users\/3"}],"replies":[{"embeddable":true,"href":"https:\/\/youenglish.school\/fr\/wp-json\/wp\/v2\/comments?post=4838"}],"version-history":[{"count":0,"href":"https:\/\/youenglish.school\/fr\/wp-json\/wp\/v2\/pages\/4838\/revisions"}],"wp:attachment":[{"href":"https:\/\/youenglish.school\/fr\/wp-json\/wp\/v2\/media?parent=4838"}],"curies":[{"name":"wp","href":"https:\/\/api.w.org\/{rel}","templated":true}]}}