{"id":4841,"date":"2020-10-22T14:20:41","date_gmt":"2020-10-22T12:20:41","guid":{"rendered":"https:\/\/youenglish.school\/ceny-kursow-jezykowych\/"},"modified":"2021-08-20T08:59:54","modified_gmt":"2021-08-20T06:59:54","slug":"prix","status":"publish","type":"page","link":"https:\/\/youenglish.school\/fr\/prix\/","title":{"rendered":"Tarifs"},"content":{"rendered":"\n<div class=\"wp-block-image\"><figure class=\"aligncenter size-full is-resized\"><img loading=\"lazy\" decoding=\"async\" src=\"https:\/\/youenglish.school\/wp-content\/uploads\/2021\/03\/youenglish.school-prix-2.png\" alt=\"Prix\" class=\"wp-image-5344\" width=\"591\" height=\"319\"\/><\/figure><\/div>\n\n\n\n<p><strong>Tarif r\u00e9gulier&nbsp;d&rsquo;une le\u00e7on<\/strong> <strong>individuelle:<\/strong> 50 EUR<\/p>\n\n\n\n<p>Nos cours sont d&rsquo;une dur\u00e9e de 45 minutes. <\/p>\n\n\n\n<p><strong>Offre du moment <\/strong>pour tous les nouveaux \u00e9tudiants en cours individuels: <strong>20% de remise<\/strong>&nbsp;<strong>&nbsp;<\/strong><\/p>\n\n\n\n<p>Nous proposons des tarifs d\u00e9gressifs pour <strong>les cours collectifs<\/strong>:<\/p>\n\n\n\n<p><strong>Cours \u00e0 2: <\/strong>25 EUR&nbsp;par personne<strong>&nbsp;<\/strong><\/p>\n\n\n\n<p><strong>Cours \u00e0 3-4:<\/strong> 20 EUR par personne<\/p>\n\n\n\n<p><strong>Cours \u00e0 5-6: <\/strong>15 EUR par personne<\/p>\n\n\n\n<p><strong>Offre du moment<\/strong> pour tous les groupes: <strong>20% de remise<\/strong>&nbsp;<\/p>\n\n\n\n<div class=\"wp-block-buttons is-horizontal is-content-justification-center is-layout-flex wp-container-core-buttons-is-layout-499968f5 wp-block-buttons-is-layout-flex\">\n<div class=\"wp-block-button\"><a class=\"wp-block-button__link has-white-color has-gold-background-color has-text-color has-background no-border-radius wp-element-button\" href=\"https:\/\/youenglish.school\/fr\/contact\/\">NAPISZ DO NAS<\/a><\/div>\n<\/div>\n","protected":false},"excerpt":{"rendered":"<p>Tarif r\u00e9gulier&nbsp;d&rsquo;une le\u00e7on individuelle: 50 EUR Nos cours sont d&rsquo;une dur\u00e9e de 45 minutes. Offre du moment pour tous les nouveaux \u00e9tudiants en cours individuels: 20% de remise&nbsp;&nbsp; Nous proposons des tarifs d\u00e9gressifs pour les cours collectifs: Cours \u00e0 2: 25 EUR&nbsp;par personne&nbsp; Cours \u00e0 3-4: 20 EUR par personne Cours \u00e0 5-6: 15 EUR [&hellip;]<\/p>\n","protected":false},"author":3,"featured_media":0,"parent":0,"menu_order":30,"comment_status":"closed","ping_status":"closed","template":"","meta":{"_acf_changed":false,"footnotes":""},"class_list":["post-4841","page","type-page","status-publish","hentry"],"acf":[],"_links":{"self":[{"href":"https:\/\/youenglish.school\/fr\/wp-json\/wp\/v2\/pages\/4841","targetHints":{"allow":["GET"]}}],"collection":[{"href":"https:\/\/youenglish.school\/fr\/wp-json\/wp\/v2\/pages"}],"about":[{"href":"https:\/\/youenglish.school\/fr\/wp-json\/wp\/v2\/types\/page"}],"author":[{"embeddable":true,"href":"https:\/\/youenglish.school\/fr\/wp-json\/wp\/v2\/users\/3"}],"replies":[{"embeddable":true,"href":"https:\/\/youenglish.school\/fr\/wp-json\/wp\/v2\/comments?post=4841"}],"version-history":[{"count":0,"href":"https:\/\/youenglish.school\/fr\/wp-json\/wp\/v2\/pages\/4841\/revisions"}],"wp:attachment":[{"href":"https:\/\/youenglish.school\/fr\/wp-json\/wp\/v2\/media?parent=4841"}],"curies":[{"name":"wp","href":"https:\/\/api.w.org\/{rel}","templated":true}]}}