{"id":4844,"date":"2020-03-31T17:25:35","date_gmt":"2020-03-31T15:25:35","guid":{"rendered":"https:\/\/youenglish.school\/kursy-jezykowe-online-zdalna-nauka-jezykow\/"},"modified":"2021-09-10T11:36:08","modified_gmt":"2021-09-10T09:36:08","slug":"les-cours-de-langues-online","status":"publish","type":"page","link":"https:\/\/youenglish.school\/fr\/les-cours-de-langues-online\/","title":{"rendered":"Les cours de langues online"},"content":{"rendered":"\n<div class=\"wp-block-image\"><figure class=\"aligncenter size-full is-resized\"><img decoding=\"async\" src=\"https:\/\/youenglish.school\/wp-content\/uploads\/2021\/03\/youenglish.school-les-cours-de-langues-online.png\" alt=\"Les cours de langues online\" class=\"wp-image-5396\" width=\"590\" srcset=\"https:\/\/youenglish.school\/wp-content\/uploads\/2021\/03\/youenglish.school-les-cours-de-langues-online.png 4277w, https:\/\/youenglish.school\/wp-content\/uploads\/2021\/03\/youenglish.school-les-cours-de-langues-online-300x158.png 300w, https:\/\/youenglish.school\/wp-content\/uploads\/2021\/03\/youenglish.school-les-cours-de-langues-online-1024x539.png 1024w, https:\/\/youenglish.school\/wp-content\/uploads\/2021\/03\/youenglish.school-les-cours-de-langues-online-768x404.png 768w, https:\/\/youenglish.school\/wp-content\/uploads\/2021\/03\/youenglish.school-les-cours-de-langues-online-1536x809.png 1536w, https:\/\/youenglish.school\/wp-content\/uploads\/2021\/03\/youenglish.school-les-cours-de-langues-online-2048x1078.png 2048w, https:\/\/youenglish.school\/wp-content\/uploads\/2021\/03\/youenglish.school-les-cours-de-langues-online-1200x632.png 1200w, https:\/\/youenglish.school\/wp-content\/uploads\/2021\/03\/youenglish.school-les-cours-de-langues-online-1980x1043.png 1980w\" sizes=\"(max-width: 4277px) 100vw, 4277px\" \/><\/figure><\/div>\n\n\n\n<p>Nous vivons une p\u00e9riode sans pr\u00e9c\u00e9dent: les restaurants, mus\u00e9es, cin\u00e9mas, remont\u00e9es m\u00e9caniques, tout est ferm\u00e9! Tu restes enferm\u00e9 chez toi le soir et tu veux que \u00e7a s&rsquo;arr\u00eate au plus vite. \u00c9videmment,&nbsp;c&rsquo;est extr\u00eamement dur mais ne d\u00e9sesp\u00e8re pas, utilise ce temps de confinement pour un cours intensif d&rsquo;anglais!&nbsp;<\/p>\n\n\n\n<p>\u200bOn dispose d\u00e9sormais des conditions id\u00e9ales pour un apprentissage rapide et efficace. Tu peux apprendre \u00e0 distance de mani\u00e8re beaucoup plus intense par exemple une voire deux fois par jour &#8211; \u00e0 l&rsquo;aube ou \u00e0 minuit. Effet garanti apr\u00e8s&nbsp;quelques jours d&rsquo;une telle stimulation.<\/p>\n\n\n\n<div class=\"wp-block-buttons is-horizontal is-content-justification-center is-layout-flex wp-container-core-buttons-is-layout-499968f5 wp-block-buttons-is-layout-flex\">\n<div class=\"wp-block-button\"><a class=\"wp-block-button__link has-white-color has-gold-background-color has-text-color has-background no-border-radius wp-element-button\" href=\"https:\/\/youenglish.school\/fr\/contact\/\">NAPISZ DO NAS<\/a><\/div>\n<\/div>\n\n\n\n<p>\u200b<strong>Besoin d&rsquo;en savoir plus?<\/strong><\/p>\n\n\n\n<p>Tout d&rsquo;abord, tu peux apprendre plus fr\u00e9quemment, c&rsquo;est-\u00e0-dire plus efficacement. Lors de l&rsquo;acquisition de chaque nouvelle comp\u00e9tence (ne pas confondre avec de connaissance!), ce qui compte est la quantit\u00e9 et la r\u00e9gularit\u00e9 de l&rsquo;entra\u00eenement. L&rsquo;apprentissage des langues <br>(y compris bien \u00e9videmment les cours de langues en ligne) peut \u00eatre compar\u00e9 \u00e0 l&rsquo;apprentissage de la conduite automobile. Au d\u00e9but, nous sommes tr\u00e8s concentr\u00e9s et stress\u00e9s car nos gestes sont trop brusques voire chaotiques. Nous sommes donc fatigu\u00e9s et tendus car la comp\u00e9tence n&rsquo;est pas encore acquise. Cependant, apr\u00e8s un certain temps, changer les vitesses, les voies, le stationnement en marche arri\u00e8re, etc. devient r\u00e9ellement facile et automatique que nous n&rsquo;avons plus \u00e0 r\u00e9fl\u00e9chir tellement c&rsquo;est naturel.<\/p>\n\n\n\n<p>C&rsquo;est la m\u00eame chose avec l&rsquo;apprentissage des langues. D&rsquo;abord, nous apprenons de nouveaux mots, de nouvelles constructions grammaticales, puis nous recherchons nerveusement les mots justes et expressions ad\u00e9quates dans notre t\u00eate avant de parler. Mais apr\u00e8s une formation appropri\u00e9e (avec le bon entra\u00eeneur), nous parlons simplement sans effort. La conversation devient naturelle, tu ne remarques pas lorsque tu passes d&rsquo;une langue \u00e0 l&rsquo;autre, tu ne te sens m\u00eame pas stress\u00e9 en parlant au t\u00e9l\u00e9phone en langue \u00e9trang\u00e8re.<\/p>\n\n\n\n<p>Pense donc \u00e0 utiliser ce temps de confinement pour un cours intensif d&rsquo;anglais! Pourquoi pas 3 fois 30 minutes &#8211; pause d\u00e9jeuner, en fin d&rsquo;apr\u00e8s-midi et juste avant de te coucher? Ou 2 fois 45 minutes? Tu ressentiras les effets au bout de quelques jours \u00e0 peine. Vraiment!<\/p>\n\n\n\n<p><strong>Peur de t&rsquo;ennuyer? Pas avec YouEnglish.<\/strong><\/p>\n\n\n\n<p>Tu peux apprendre avec plusieurs profs diff\u00e9rents &#8211; bien \u00e9videmment souvent des natifs! Cela te permettra de te familiariser avec des lecteurs de tous les horizons repr\u00e9sentant diff\u00e9rents accents &#8211; du Royaume Uni, des \u00c9tats-Unis, de l&rsquo;Afrique du Sud, de l&rsquo;Irlande, du Canada ou de l&rsquo;Australie.<\/p>\n\n\n\n<p>Un autre avantage ind\u00e9niable est la flexibilit\u00e9 &#8211; c&rsquo;est toi qui adaptes ton planning en fonction de tes besoins.&nbsp;<\/p>\n\n\n\n<p>Tu es un l\u00e8ve-t\u00f4t, commence l&rsquo;anglais \u00e0 6h du matin! Ou bien au contraire, c&rsquo;est tard le soir que tu peux \u00eatre tranquille chez toi confortablement install\u00e9 dans ton fauteuil pr\u00e9f\u00e9r\u00e9? Aucun probl\u00e8me, nous t&rsquo;invitons \u00e0 un cours du soir \u00e0 l&rsquo;heure qui te convient le mieux.<\/p>\n\n\n\n<p>Les cours en ligne peuvent \u00e9galement t&rsquo;aider dans ton travail.&nbsp;<\/p>\n\n\n\n<p>Nous pratiquerons avec toi des pr\u00e9sentations, des conf\u00e9rences t\u00e9l\u00e9phoniques ou tout autre sujet utile dans ton travail.<\/p>\n\n\n\n<p>Si tu souhaites travailler davantage un domaine ou sujet sp\u00e9cifique, par exemple des verbes \u00e0 particule, un temps grammatical ou pratiquer le fameux \u00ab\u00a0small talk\u00a0\u00bb, nous sommes l\u00e0 pour toi!<\/p>\n\n\n\n<p>Pas suffisamment \u00e0 l&rsquo;aise en anglais? On va te lib\u00e9rer&nbsp; &#8211;&nbsp; choisis notre cours phare \u00ab\u00a0Unblock Yourself\u00a0\u00bb!<\/p>\n\n\n\n<div class=\"wp-block-buttons is-horizontal is-content-justification-center is-layout-flex wp-container-core-buttons-is-layout-499968f5 wp-block-buttons-is-layout-flex\">\n<div class=\"wp-block-button\"><a class=\"wp-block-button__link has-white-color has-gold-background-color has-text-color has-background no-border-radius wp-element-button\" href=\"https:\/\/youenglish.school\/fr\/contact\/\">NAPISZ DO NAS<\/a><\/div>\n<\/div>\n","protected":false},"excerpt":{"rendered":"<p>Nous vivons une p\u00e9riode sans pr\u00e9c\u00e9dent: les restaurants, mus\u00e9es, cin\u00e9mas, remont\u00e9es m\u00e9caniques, tout est ferm\u00e9! Tu restes enferm\u00e9 chez toi le soir et tu veux que \u00e7a s&rsquo;arr\u00eate au plus vite. \u00c9videmment,&nbsp;c&rsquo;est extr\u00eamement dur mais ne d\u00e9sesp\u00e8re pas, utilise ce temps de confinement pour un cours intensif d&rsquo;anglais!&nbsp; \u200bOn dispose d\u00e9sormais des conditions id\u00e9ales pour [&hellip;]<\/p>\n","protected":false},"author":2,"featured_media":0,"parent":0,"menu_order":118,"comment_status":"closed","ping_status":"closed","template":"","meta":{"_acf_changed":false,"footnotes":""},"class_list":["post-4844","page","type-page","status-publish","hentry"],"acf":[],"_links":{"self":[{"href":"https:\/\/youenglish.school\/fr\/wp-json\/wp\/v2\/pages\/4844","targetHints":{"allow":["GET"]}}],"collection":[{"href":"https:\/\/youenglish.school\/fr\/wp-json\/wp\/v2\/pages"}],"about":[{"href":"https:\/\/youenglish.school\/fr\/wp-json\/wp\/v2\/types\/page"}],"author":[{"embeddable":true,"href":"https:\/\/youenglish.school\/fr\/wp-json\/wp\/v2\/users\/2"}],"replies":[{"embeddable":true,"href":"https:\/\/youenglish.school\/fr\/wp-json\/wp\/v2\/comments?post=4844"}],"version-history":[{"count":0,"href":"https:\/\/youenglish.school\/fr\/wp-json\/wp\/v2\/pages\/4844\/revisions"}],"wp:attachment":[{"href":"https:\/\/youenglish.school\/fr\/wp-json\/wp\/v2\/media?parent=4844"}],"curies":[{"name":"wp","href":"https:\/\/api.w.org\/{rel}","templated":true}]}}