{"id":4846,"date":"2019-08-07T10:58:56","date_gmt":"2019-08-07T08:58:56","guid":{"rendered":"https:\/\/youenglish.school\/nauka-kursy-jezyka-angielskiego-dla-poczatkujacych-we-wroclawiu\/"},"modified":"2021-06-01T10:14:13","modified_gmt":"2021-06-01T08:14:13","slug":"anglais-pour-les-debutant","status":"publish","type":"page","link":"https:\/\/youenglish.school\/fr\/anglais-pour-les-debutant\/","title":{"rendered":"Anglais pour les d\u00e9butants"},"content":{"rendered":"\n<div class=\"wp-block-image\"><figure class=\"aligncenter size-full is-resized\"><img loading=\"lazy\" decoding=\"async\" src=\"https:\/\/youenglish.school\/wp-content\/uploads\/2021\/03\/youenglish.school-anglais-pour-les-debutants.png\" alt=\"Anglais pour les d\u00e9butants\" class=\"wp-image-5394\" width=\"460\" height=\"283\" srcset=\"https:\/\/youenglish.school\/wp-content\/uploads\/2021\/03\/youenglish.school-anglais-pour-les-debutants.png 3195w, https:\/\/youenglish.school\/wp-content\/uploads\/2021\/03\/youenglish.school-anglais-pour-les-debutants-300x185.png 300w, https:\/\/youenglish.school\/wp-content\/uploads\/2021\/03\/youenglish.school-anglais-pour-les-debutants-1024x633.png 1024w, https:\/\/youenglish.school\/wp-content\/uploads\/2021\/03\/youenglish.school-anglais-pour-les-debutants-1536x949.png 1536w, https:\/\/youenglish.school\/wp-content\/uploads\/2021\/03\/youenglish.school-anglais-pour-les-debutants-2048x1265.png 2048w, https:\/\/youenglish.school\/wp-content\/uploads\/2021\/03\/youenglish.school-anglais-pour-les-debutants-1200x741.png 1200w, https:\/\/youenglish.school\/wp-content\/uploads\/2021\/03\/youenglish.school-anglais-pour-les-debutants-1980x1223.png 1980w\" sizes=\"auto, (max-width: 460px) 100vw, 460px\" \/><\/figure><\/div>\n\n\n\n<h3 class=\"has-text-align-center wp-block-heading\">Anglais pour d\u00e9butants et \u00e9ternels d\u00e9butants<\/h3>\n\n\n\n<p>Si tu crois que tu ne parles pas du tout l\u2019anglais, tu te trompes, nous en sommes quasi certains. Habituellement, les d\u00e9butants en savent beaucoup plus qu\u2019ils ne le pensent \u2013 l\u2019anglais est partout, impossible d\u2019y \u00e9chapper car nous m\u00e9morisons tous des mots et des phrases inconsciemment. Tant mieux, cela veut dire que dans la plupart des cas il existe d\u00e9j\u00e0 un bon point de d\u00e9part. Nous t\u2019aiderons \u00e0 d\u00e9terminer o\u00f9 tu en es r\u00e9ellement afin que tu puisses passer rapidement \u00e0 l\u2019\u00e9tape suivante. On t\u2019emm\u00e8ne?<\/p>\n\n\n\n<div class=\"wp-block-buttons is-horizontal is-content-justification-center is-layout-flex wp-container-core-buttons-is-layout-499968f5 wp-block-buttons-is-layout-flex\">\n<div class=\"wp-block-button\"><a class=\"wp-block-button__link has-white-color has-gold-background-color has-text-color has-background no-border-radius wp-element-button\" href=\"https:\/\/youenglish.school\/fr\/contact\/\">NAPISZ DO NAS<\/a><\/div>\n<\/div>\n\n\n\n<p>De nombreux d\u00e9butants commencent \u00e0 apprendre l\u2019anglais \u00e0 plusieurs reprises et finalement laissent tomber apr\u00e8s quelques le\u00e7ons. Dommage \u2013 cet \u00e9ternel et d\u00e9courageant recommencement les prive de la volont\u00e9 de se battre. Au lieu de baisser les bras, \u00e9coute les pros \u2013 il est pr\u00e9f\u00e9rable de commencer par une semaine plus intense, voire un mois, et de te battre pour atteindre un niveau plus \u00e9lev\u00e9. Tu ne seras plus d\u00e9butant, ce qui te donnera des ailes et tu t\u2019envoleras enfin. <\/p>\n\n\n\n<p><strong>Quelques r\u00e8gles sacr\u00e9es:<\/strong><\/p>\n\n\n\n<ul class=\"wp-block-list\"><li>n\u2019apprends pas tout d\u2019un seul coup \u2013 ma\u00eetrise d\u2019abord les bases absolues de la langue anglaise, mais fais-le pour de vrai, pas juste en survolant. Tu dois sentir qu\u2019enfin tu sais quelque chose de concret. C\u2019est important.<\/li><li>en cours d\u2019anglais pour d\u00e9butants, on apprend en parlant. Lors de la le\u00e7on de d\u00e9monstration, nous allons te montrer comment nous activons les comp\u00e9tences linguistiques actives. Les domaines sur lesquels tu dois te concentrer sont: parler, r\u00e9p\u00e9ter, \u00e9couter et r\u00e9agir rapidement \u00e0 ce que les autres disent et ce, d\u00e8s la toute premi\u00e8re le\u00e7on. La coop\u00e9ration avec l\u2019enseignant est la cl\u00e9 de ton succ\u00e8s qui arrivera ainsi plus vite que tu ne le penses<\/li><li>planifie tes cours d\u2019anglais en avance et sois assidu. Tu n\u2019auras probablement pas de temps pour faire tes devoirs, il est donc essentiel de participer aux cours. Dans la mesure du possible ne s\u00e8ches pas les cours, prends le sujet au s\u00e9rieux et les r\u00e9sultats ne se feront pas attendre. <\/li><\/ul>\n\n\n\n<p><strong>Anglais pour les d\u00e9butants \u2013 on fera parler tout le monde!<\/strong><\/p>\n\n\n\n<p>Certains disent qu\u2019ils n\u2019ont ni talent ni comp\u00e9tences linguistiques et en partant du principe qu\u2019ils n\u2019y arriveront pas ils ne commencent m\u00eame pas. Cette excuse n\u2019est pas convaincante. Parler une langue \u00e9trang\u00e8re est une comp\u00e9tence naturelle qui s\u2019acquiert et s\u2019am\u00e9liore automatiquement une fois mise en pratique, dans ce cas-l\u00e0 en parlant. Il ne te reste qu\u2019une chose \u00e0 faire \u2013 vouloir \u2013 c\u2019est-\u00e0-dire trouver une r\u00e9elle motivation pour apprendre. Le reste sera entre nos mains. Nous savons quoi, nous savons comment, nous te garantissons que tu parleras. Vraiment.<\/p>\n","protected":false},"excerpt":{"rendered":"<p>Anglais pour d\u00e9butants et \u00e9ternels d\u00e9butants Si tu crois que tu ne parles pas du tout l\u2019anglais, tu te trompes, nous en sommes quasi certains. Habituellement, les d\u00e9butants en savent beaucoup plus qu\u2019ils ne le pensent \u2013 l\u2019anglais est partout, impossible d\u2019y \u00e9chapper car nous m\u00e9morisons tous des mots et des phrases inconsciemment. Tant mieux, [&hellip;]<\/p>\n","protected":false},"author":2,"featured_media":0,"parent":0,"menu_order":69,"comment_status":"closed","ping_status":"closed","template":"","meta":{"_acf_changed":false,"footnotes":""},"class_list":["post-4846","page","type-page","status-publish","hentry"],"acf":[],"_links":{"self":[{"href":"https:\/\/youenglish.school\/fr\/wp-json\/wp\/v2\/pages\/4846","targetHints":{"allow":["GET"]}}],"collection":[{"href":"https:\/\/youenglish.school\/fr\/wp-json\/wp\/v2\/pages"}],"about":[{"href":"https:\/\/youenglish.school\/fr\/wp-json\/wp\/v2\/types\/page"}],"author":[{"embeddable":true,"href":"https:\/\/youenglish.school\/fr\/wp-json\/wp\/v2\/users\/2"}],"replies":[{"embeddable":true,"href":"https:\/\/youenglish.school\/fr\/wp-json\/wp\/v2\/comments?post=4846"}],"version-history":[{"count":0,"href":"https:\/\/youenglish.school\/fr\/wp-json\/wp\/v2\/pages\/4846\/revisions"}],"wp:attachment":[{"href":"https:\/\/youenglish.school\/fr\/wp-json\/wp\/v2\/media?parent=4846"}],"curies":[{"name":"wp","href":"https:\/\/api.w.org\/{rel}","templated":true}]}}