{"id":4857,"date":"2019-08-07T11:00:12","date_gmt":"2019-08-07T09:00:12","guid":{"rendered":"https:\/\/youenglish.school\/intensywny-kurs-jezyka-angielskiego\/"},"modified":"2021-06-01T10:15:31","modified_gmt":"2021-06-01T08:15:31","slug":"anglais-rapide-full-intensity","status":"publish","type":"page","link":"https:\/\/youenglish.school\/fr\/anglais-rapide-full-intensity\/","title":{"rendered":"Anglais rapide Full Intensity"},"content":{"rendered":"\n<div class=\"wp-block-image\"><figure class=\"aligncenter size-full is-resized\"><img decoding=\"async\" src=\"https:\/\/youenglish.school\/wp-content\/uploads\/2021\/03\/youenglish.school-anglais-rapide-full-intensity.png\" alt=\"Anglais rapide Full Intensity\" class=\"wp-image-5361\" width=\"590\" srcset=\"https:\/\/youenglish.school\/wp-content\/uploads\/2021\/03\/youenglish.school-anglais-rapide-full-intensity.png 4769w, https:\/\/youenglish.school\/wp-content\/uploads\/2021\/03\/youenglish.school-anglais-rapide-full-intensity-300x135.png 300w, https:\/\/youenglish.school\/wp-content\/uploads\/2021\/03\/youenglish.school-anglais-rapide-full-intensity-1024x460.png 1024w, https:\/\/youenglish.school\/wp-content\/uploads\/2021\/03\/youenglish.school-anglais-rapide-full-intensity-768x345.png 768w, https:\/\/youenglish.school\/wp-content\/uploads\/2021\/03\/youenglish.school-anglais-rapide-full-intensity-1536x690.png 1536w, https:\/\/youenglish.school\/wp-content\/uploads\/2021\/03\/youenglish.school-anglais-rapide-full-intensity-2048x919.png 2048w, https:\/\/youenglish.school\/wp-content\/uploads\/2021\/03\/youenglish.school-anglais-rapide-full-intensity-1200x539.png 1200w, https:\/\/youenglish.school\/wp-content\/uploads\/2021\/03\/youenglish.school-anglais-rapide-full-intensity-1980x889.png 1980w\" sizes=\"(max-width: 4769px) 100vw, 4769px\" \/><\/figure><\/div>\n\n\n\n<h2 class=\"wp-block-heading\"><strong>Anglais intensif en acc\u00e9l\u00e9r\u00e9&nbsp;<\/strong><\/h2>\n\n\n\n<p><strong>Tu n&rsquo;arrives pas \u00e0 progresser en anglais?<\/strong> Tu veux toutefois te mettre rapidement \u00e0 l&rsquo;aise afin d&rsquo;\u00eatre op\u00e9rationnel en peu de temps? Notre cours d\u2019anglais intensif, dynamique et pr\u00e9cis.<br>Le cours Full Intensity est une solution parfaite pour les personnes de tous les niveaux linguistiques qui:<\/p>\n\n\n\n<ul class=\"wp-block-list\"><li>se sentent bloqu\u00e9es et veulent enfin ressentir le plaisir d&rsquo;une conversation ais\u00e9e &#8211; au quotidien, au travail, en vacances,<\/li><li>doivent se pr\u00e9parer pour une r\u00e9union, une n\u00e9gociation, une conf\u00e9rence, une pr\u00e9sentation ou tout autre type de discours en anglais dans un court laps de temps,<\/li><li>souhaitent r\u00e9soudre rapidement un probl\u00e8me linguistique pr\u00e9cis (par exemple, consolider les temps grammaticaux, affiner les modes conditionnels, ma\u00eetriser les verbes \u00e0 particule ou apprendre un vocabulaire sp\u00e9cifique),<\/li><li>ont besoin d&rsquo;un programme de formation et des cours \u00e9labor\u00e9s avec pr\u00e9cision,<\/li><li>cherchent un cours ludique.<\/li><\/ul>\n\n\n\n<div class=\"wp-block-buttons is-horizontal is-content-justification-center is-layout-flex wp-container-core-buttons-is-layout-499968f5 wp-block-buttons-is-layout-flex\">\n<div class=\"wp-block-button\"><a class=\"wp-block-button__link has-white-color has-gold-background-color has-text-color has-background no-border-radius wp-element-button\" href=\"https:\/\/youenglish.school\/fr\/contact\/\">NAPISZ DO NAS<\/a><\/div>\n<\/div>\n\n\n\n<p><strong>\u00c0 quoi ressemble le cours&nbsp;&nbsp;FULL INTENSITY?<\/strong><\/p>\n\n\n\n<p>Il s&rsquo;agit d&rsquo;un cours d&rsquo;anglais avec un forfait quotidien de plusieurs le\u00e7ons. Le cours dure 3, 4 ou 5 jours. Le forfait peut \u00eatre divis\u00e9 en plusieurs parties et pr\u00e9voir des pauses plus longues ce qui \u00e9vite la fatigue et l&rsquo;effet de surentra\u00eenement. N&rsquo;oublie pas &#8211; NOUS ENSEIGNONS \u00c9GALEMENT LE WEEK-END. Si ton planning en semaine est trop charg\u00e9, choisis un cours d&rsquo;anglais intensif pendant le week-end. Ne t&rsquo;inqui\u00e8tes pas si tu pr\u00e9vois une soir\u00e9e ou un d\u00e9jeuner en famille &#8211; nos enseignants sont disponibles \u00e0 tout moment. Nous avons notre propre m\u00e9thode d&rsquo;enseignement d&rsquo;anglais &#8211; tu ne seras pas oblig\u00e9&nbsp;de prendre des notes ni&nbsp;d&rsquo;acheter des manuels. Pas de stress, pas d&rsquo;interrogations, nous faisons des r\u00e9visions ensemble. Nous t&rsquo;aiderons \u00e0 apprendre. Tout simplement.<\/p>\n\n\n\n<p>Pendant \u00ab\u00a0Full Intensity\u00a0\u00bb, nous nous concentrons sur les \u00e9l\u00e9ments qui te posent probl\u00e8me&nbsp;et que tu veux r\u00e9soudre imm\u00e9diatement. Le nombre de s\u00e9ances d\u00e9pend de toi, nous fixons ensemble le programme du cours.<\/p>\n\n\n\n<p>Le prix du cours d\u00e9pend&nbsp;du nombre de s\u00e9ances achet\u00e9 dans le package.<\/p>\n\n\n\n<p>Nous proposons un package de 20, 30 ou 40 le\u00e7ons.&nbsp;<\/p>\n","protected":false},"excerpt":{"rendered":"<p>Anglais intensif en acc\u00e9l\u00e9r\u00e9&nbsp; Tu n&rsquo;arrives pas \u00e0 progresser en anglais? Tu veux toutefois te mettre rapidement \u00e0 l&rsquo;aise afin d&rsquo;\u00eatre op\u00e9rationnel en peu de temps? Notre cours d\u2019anglais intensif, dynamique et pr\u00e9cis.Le cours Full Intensity est une solution parfaite pour les personnes de tous les niveaux linguistiques qui: se sentent bloqu\u00e9es et veulent enfin [&hellip;]<\/p>\n","protected":false},"author":2,"featured_media":0,"parent":0,"menu_order":138,"comment_status":"closed","ping_status":"closed","template":"","meta":{"_acf_changed":false,"footnotes":""},"class_list":["post-4857","page","type-page","status-publish","hentry"],"acf":[],"_links":{"self":[{"href":"https:\/\/youenglish.school\/fr\/wp-json\/wp\/v2\/pages\/4857","targetHints":{"allow":["GET"]}}],"collection":[{"href":"https:\/\/youenglish.school\/fr\/wp-json\/wp\/v2\/pages"}],"about":[{"href":"https:\/\/youenglish.school\/fr\/wp-json\/wp\/v2\/types\/page"}],"author":[{"embeddable":true,"href":"https:\/\/youenglish.school\/fr\/wp-json\/wp\/v2\/users\/2"}],"replies":[{"embeddable":true,"href":"https:\/\/youenglish.school\/fr\/wp-json\/wp\/v2\/comments?post=4857"}],"version-history":[{"count":0,"href":"https:\/\/youenglish.school\/fr\/wp-json\/wp\/v2\/pages\/4857\/revisions"}],"wp:attachment":[{"href":"https:\/\/youenglish.school\/fr\/wp-json\/wp\/v2\/media?parent=4857"}],"curies":[{"name":"wp","href":"https:\/\/api.w.org\/{rel}","templated":true}]}}