{"id":4888,"date":"2019-08-07T11:00:37","date_gmt":"2019-08-07T09:00:37","guid":{"rendered":"https:\/\/youenglish.school\/jezyk-angielski-dla-firm\/"},"modified":"2021-06-01T10:13:59","modified_gmt":"2021-06-01T08:13:59","slug":"anglais-des-affaires","status":"publish","type":"page","link":"https:\/\/youenglish.school\/fr\/anglais-des-affaires\/","title":{"rendered":"Anglais des affaires"},"content":{"rendered":"\n<figure class=\"wp-block-image size-large\"><img loading=\"lazy\" decoding=\"async\" width=\"1024\" height=\"320\" src=\"https:\/\/youenglish.school\/wp-content\/uploads\/2021\/04\/youenglish.school-1024x320.png\" alt=\"\" class=\"wp-image-5528\" srcset=\"https:\/\/youenglish.school\/wp-content\/uploads\/2021\/04\/youenglish.school-1024x320.png 1024w, https:\/\/youenglish.school\/wp-content\/uploads\/2021\/04\/youenglish.school-300x94.png 300w, https:\/\/youenglish.school\/wp-content\/uploads\/2021\/04\/youenglish.school-768x240.png 768w, https:\/\/youenglish.school\/wp-content\/uploads\/2021\/04\/youenglish.school-1536x480.png 1536w\" sizes=\"auto, (max-width: 1024px) 100vw, 1024px\" \/><\/figure>\n\n\n\n<p><strong>Anglais pour les entreprises maintenant disponible EN LIGNE<\/strong><\/p>\n\n\n\n<p>Dans notre longue exp\u00e9rience d&rsquo;enseignement, nous avons \u00e9t\u00e9 rarement sollicit\u00e9 par les entreprises qui cherchaient&nbsp;uniquement&nbsp;les cours d&rsquo;anglais des affaires pour leurs salari\u00e9s. Il se trouve qu&rsquo;au final le concept de \u00ab\u00a0Business English\u00a0\u00bb est une notion tr\u00e8s large qui contient de nombreuses attentes diff\u00e9rentes.<\/p>\n\n\n\n<div class=\"wp-block-buttons is-horizontal is-content-justification-center is-layout-flex wp-container-core-buttons-is-layout-499968f5 wp-block-buttons-is-layout-flex\">\n<div class=\"wp-block-button\"><a class=\"wp-block-button__link has-white-color has-gold-background-color has-text-color has-background no-border-radius wp-element-button\" href=\"https:\/\/youenglish.school\/fr\/contact\/\">NAPISZ DO NAS<\/a><\/div>\n<\/div>\n\n\n\n<p><strong>Savez-vous ce dont vos employ\u00e9s ont vraiment besoin lorsqu&rsquo;ils demandent le Business English?<\/strong><\/p>\n\n\n\n<p>Pour la plupart, le Business English est juste l&rsquo;anglais qu&rsquo;on utilise au travail. Nous voulons travailler efficacement en anglais &#8211; prendre des rdvs, organiser des r\u00e9unions, \u00e9tablir de nouveaux contacts, n\u00e9gocier, appeler, \u00e9crire des e-mails, inviter, s&rsquo;excuser et, surtout, ne pas br\u00fbler les ponts avec des formules maladroites.<\/p>\n\n\n\n<p>Un autre groupe &#8211; g\u00e9n\u00e9ralement des cadres sup\u00e9rieurs &#8211; souhaite am\u00e9liorer le niveau et la qualit\u00e9 de leurs comp\u00e9tences linguistiques. Ils connaissent leur m\u00e9tier par c\u0153ur, connaissent parfaitement bien leurs entreprises et sont plut\u00f4t bons en anglais mais ils manquent de confiance et ont besoin qu&rsquo;on les aide. Il s&rsquo;av\u00e8re souvent que ce n&rsquo;est pas l&rsquo;anglais des affaires qui est le probl\u00e8me, mais tout simplement les lacunes en grammaire, le manque des expressions de politesse, du fameux \u00ab\u00a0small talk\u00a0\u00bb, etc.<\/p>\n\n\n\n<p>De nombreux managers ne se sentent pas en confiance lors de la prise de parole en public. Pas \u00e9tonnant, \u00eatre \u00e0 l&rsquo;aise quand les autres nous regardent est vraiment une question de personnalit\u00e9. Pourtant, on peut am\u00e9liorer cette comp\u00e9tence en s&rsquo;y exer\u00e7ant.<\/p>\n\n\n\n<p>Nous enseignons aux avocats l&rsquo;anglais juridique, aux entreprises de transport &#8211; l&rsquo;anglais de la logistique, nous avons \u00e9galement des demandes de la part des infirmiers, m\u00e9decins ou ing\u00e9nieurs, les demandes que nous pouvons satisfaire seulement si nos lecteurs ont des comp\u00e9tences ad\u00e9quates dans les domaines recherch\u00e9s. Souvent, nos professeurs d\u00e9couvrent&nbsp;pendant les cours que les salari\u00e9s ont finalement plus besoin de rafra\u00eechir les bases que d&rsquo;apprendre r\u00e9ellement le vocabulaire &nbsp;technique qu&rsquo;ils ma\u00eetrisent d&rsquo;ailleurs souvent mieux que nous. L&rsquo;exp\u00e9rience nous d\u00e9montre que les managers cherchent surtout \u00e0 s&rsquo;immerger dans l&rsquo;anglais des affaires de tous les jours et \u00e0 pratiquer les dialogues commerciaux.<\/p>\n\n\n\n<p>De quoi vos salari\u00e9s ont-ils vraiment besoin? C&rsquo;est avec plaisir que nous le d\u00e9terminerons avec eux lors d&rsquo;une le\u00e7on gratuite de d\u00e9monstration et de diagnostic.&nbsp;<\/p>\n\n\n\n<p><strong>Anglais des affaires &#8211; l&rsquo;approche originale de YouEnglish<\/strong><\/p>\n\n\n\n<p>Dans notre travail, nous n&rsquo;adh\u00e9rons \u00e0 aucune m\u00e9thode d&rsquo;enseignement des langues \u00e9trang\u00e8res, car chacune a des limites (et nous n&rsquo;aimons pas les limitations). Nous connaissons probablement toutes les m\u00e9thodes mais utilisons seulement celles qui fonctionnent le mieux dans un cas pr\u00e9cis &#8211; nous n&rsquo;imposons rien, nous nous adaptons \u00e0 la personnalit\u00e9 et aux besoins de l&rsquo;\u00e9l\u00e8ve.&nbsp;<\/p>\n\n\n\n<p>Il en va de m\u00eame pour les hommes d&rsquo;affaires. Il suffit de pr\u00e9ciser&nbsp;les \u00e9l\u00e9ments qu&rsquo;ils veulent travailler&nbsp;et nous nous chargerons du reste: conseils, choix de supports, style de travail,&nbsp;nous serons responsables de tout&nbsp;afin que vos salari\u00e9s puissent avancer rapidement et efficacement.<\/p>\n\n\n\n<p>La Covid-19 nous a tous fait comprendre que l&rsquo;apprentissage des langues \u00e9trang\u00e8res en ligne n&rsquo;est pas une perte de temps &#8211; on peut apprendre online aussi efficacement qu&rsquo;en pr\u00e9sentiel, voire m\u00eame mieux pour certains. C&rsquo;est pourquoi, nous enseignons en ligne partout,&nbsp;\u00e0 Monaco ou \u00e0 Varsovie.&nbsp;Bienvenue chez YouEnglish, plaisir inclus dans le prix!<\/p>\n","protected":false},"excerpt":{"rendered":"<p>Anglais pour les entreprises maintenant disponible EN LIGNE Dans notre longue exp\u00e9rience d&rsquo;enseignement, nous avons \u00e9t\u00e9 rarement sollicit\u00e9 par les entreprises qui cherchaient&nbsp;uniquement&nbsp;les cours d&rsquo;anglais des affaires pour leurs salari\u00e9s. Il se trouve qu&rsquo;au final le concept de \u00ab\u00a0Business English\u00a0\u00bb est une notion tr\u00e8s large qui contient de nombreuses attentes diff\u00e9rentes. Savez-vous ce dont vos [&hellip;]<\/p>\n","protected":false},"author":2,"featured_media":0,"parent":0,"menu_order":65,"comment_status":"closed","ping_status":"closed","template":"","meta":{"_acf_changed":false,"footnotes":""},"class_list":["post-4888","page","type-page","status-publish","hentry"],"acf":[],"_links":{"self":[{"href":"https:\/\/youenglish.school\/fr\/wp-json\/wp\/v2\/pages\/4888","targetHints":{"allow":["GET"]}}],"collection":[{"href":"https:\/\/youenglish.school\/fr\/wp-json\/wp\/v2\/pages"}],"about":[{"href":"https:\/\/youenglish.school\/fr\/wp-json\/wp\/v2\/types\/page"}],"author":[{"embeddable":true,"href":"https:\/\/youenglish.school\/fr\/wp-json\/wp\/v2\/users\/2"}],"replies":[{"embeddable":true,"href":"https:\/\/youenglish.school\/fr\/wp-json\/wp\/v2\/comments?post=4888"}],"version-history":[{"count":0,"href":"https:\/\/youenglish.school\/fr\/wp-json\/wp\/v2\/pages\/4888\/revisions"}],"wp:attachment":[{"href":"https:\/\/youenglish.school\/fr\/wp-json\/wp\/v2\/media?parent=4888"}],"curies":[{"name":"wp","href":"https:\/\/api.w.org\/{rel}","templated":true}]}}